{"id":4452,"date":"2025-01-18T16:25:08","date_gmt":"2025-01-18T15:25:08","guid":{"rendered":"https:\/\/perek.it\/product\/zestaw-lagodnego-ladowania-do-bd3\/"},"modified":"2025-01-18T16:25:08","modified_gmt":"2025-01-18T15:25:08","slug":"zestaw-lagodnego-ladowania-do-bd3","status":"publish","type":"product","link":"https:\/\/test.perek.it\/pl\/produkt\/zestaw-lagodnego-ladowania-do-bd3\/","title":{"rendered":"Zestaw \u0141agodnego \u0141adowania do BD3"},"content":{"rendered":"<p>Zestaw zawiera:<\/p>\n<ul>\n<li>Przeka\u017anik czasowy do ustawienia czasu \u0142adowania<\/li>\n<li>Stycznik ABB ESB<\/li>\n<li>Rezystory mocy z adapterem na szyn\u0119 DIN i przewodami<\/li>\n<\/ul>\n<p>Szyna DIN nie wchodzi w sk\u0142ad zestawu.<\/p>\n<p>Zestaw kompatybilny tylko z zasilaniem 3-fazowym 400VAC L-L.<\/p>\n<p>Przeka\u017anik czasowy nale\u017cy ustawia\u0107 na 30s<\/p>\n<p>Schemat pod\u0142\u0105czenia:<\/p>\n<p><img loading=\"lazy\" decoding=\"async\" class=\"alignnone size-full wp-image-4445\" src=\"https:\/\/perek.it\/wp-content\/uploads\/2025\/01\/SC1-schematic.png\" alt=\"\" width=\"814\" height=\"1058\" \/><\/p>\n<p>Cienkie po\u0142\u0105czenia schematu mo\u017cna wykona\u0107 przewodem 0.5mm\u00b2. Grube nale\u017cy wykona\u0107 przewodem adekwatnym do u\u017cywanego pr\u0105du.<\/p>\n<p>Jeden zestaw s\u0142u\u017cy do zasilania wielu urz\u0105dze\u0144 BD3.<\/p>\n<p>Wyb\u00f3r modelu dla typowego zasilania 3-fazowego 400VAC i absorbera na 192V:<\/p>\n<p><strong>pr\u0105d zestawu &gt; 0.5 * pr\u0105d absorbera * liczba absorber\u00f3w<br \/>\n<\/strong><\/p>\n","protected":false},"excerpt":{"rendered":"<p>Zestaw do \u0142agodnego \u0142adowania kondensator\u00f3w BD3. Przydatny, aby unikn\u0105\u0107 wyzwalania zabezpiecze\u0144 nadpr\u0105dowych kiedy wiele urz\u0105dze\u0144 BD3 jest za\u0142\u0105czane jednocze\u015bnie.<\/p>\n","protected":false},"featured_media":4444,"comment_status":"closed","ping_status":"closed","template":"","meta":[],"product_brand":[],"product_cat":[38],"product_tag":[],"class_list":{"0":"post-4452","1":"product","2":"type-product","3":"status-publish","4":"has-post-thumbnail","6":"product_cat-akcesoria","8":"first","9":"instock","10":"taxable","11":"shipping-taxable","12":"purchasable","13":"product-type-variable"},"_links":{"self":[{"href":"https:\/\/test.perek.it\/pl\/wp-json\/wp\/v2\/product\/4452","targetHints":{"allow":["GET"]}}],"collection":[{"href":"https:\/\/test.perek.it\/pl\/wp-json\/wp\/v2\/product"}],"about":[{"href":"https:\/\/test.perek.it\/pl\/wp-json\/wp\/v2\/types\/product"}],"replies":[{"embeddable":true,"href":"https:\/\/test.perek.it\/pl\/wp-json\/wp\/v2\/comments?post=4452"}],"wp:featuredmedia":[{"embeddable":true,"href":"https:\/\/test.perek.it\/pl\/wp-json\/wp\/v2\/media\/4444"}],"wp:attachment":[{"href":"https:\/\/test.perek.it\/pl\/wp-json\/wp\/v2\/media?parent=4452"}],"wp:term":[{"taxonomy":"product_brand","embeddable":true,"href":"https:\/\/test.perek.it\/pl\/wp-json\/wp\/v2\/product_brand?post=4452"},{"taxonomy":"product_cat","embeddable":true,"href":"https:\/\/test.perek.it\/pl\/wp-json\/wp\/v2\/product_cat?post=4452"},{"taxonomy":"product_tag","embeddable":true,"href":"https:\/\/test.perek.it\/pl\/wp-json\/wp\/v2\/product_tag?post=4452"}],"curies":[{"name":"wp","href":"https:\/\/api.w.org\/{rel}","templated":true}]}}