{"id":3668,"date":"2023-11-21T18:44:48","date_gmt":"2023-11-21T17:44:48","guid":{"rendered":"https:\/\/perek.it\/?post_type=product&#038;p=3668"},"modified":"2023-11-30T12:35:24","modified_gmt":"2023-11-30T11:35:24","slug":"dodatkowa-przejsciowka-hdmi-micro-hdmi-copy","status":"publish","type":"product","link":"https:\/\/test.perek.it\/pl\/produkt\/dodatkowa-przejsciowka-hdmi-micro-hdmi-copy\/","title":{"rendered":"Kabel HDMI &#8211; mikro HDMI"},"content":{"rendered":"<p>Kabel do pod\u0142\u0105czenia monitora do sterownik\u00f3w serii DC.<\/p>\n<ul>\n<li>Wtyk 1: m\u0119ski HDMI<\/li>\n<li>Wtyk 2: m\u0119ski mikro HDMI<\/li>\n<li>Standard: <span class=\"c-pip__specification-parameter-value\">HDMI 2.0, High Speed<\/span><\/li>\n<\/ul>\n","protected":false},"excerpt":{"rendered":"<p>Kabel HDMI &#8211; mikro HDMI do pod\u0142\u0105czania monitora do sterownik\u00f3w serii DC1.<\/p>\n","protected":false},"featured_media":3670,"comment_status":"closed","ping_status":"closed","template":"","meta":[],"product_brand":[],"product_cat":[38],"product_tag":[],"class_list":{"0":"post-3668","1":"product","2":"type-product","3":"status-publish","4":"has-post-thumbnail","6":"product_cat-akcesoria","8":"first","9":"instock","10":"taxable","11":"shipping-taxable","12":"purchasable","13":"product-type-variable","14":"has-default-attributes"},"_links":{"self":[{"href":"https:\/\/test.perek.it\/pl\/wp-json\/wp\/v2\/product\/3668","targetHints":{"allow":["GET"]}}],"collection":[{"href":"https:\/\/test.perek.it\/pl\/wp-json\/wp\/v2\/product"}],"about":[{"href":"https:\/\/test.perek.it\/pl\/wp-json\/wp\/v2\/types\/product"}],"replies":[{"embeddable":true,"href":"https:\/\/test.perek.it\/pl\/wp-json\/wp\/v2\/comments?post=3668"}],"wp:featuredmedia":[{"embeddable":true,"href":"https:\/\/test.perek.it\/pl\/wp-json\/wp\/v2\/media\/3670"}],"wp:attachment":[{"href":"https:\/\/test.perek.it\/pl\/wp-json\/wp\/v2\/media?parent=3668"}],"wp:term":[{"taxonomy":"product_brand","embeddable":true,"href":"https:\/\/test.perek.it\/pl\/wp-json\/wp\/v2\/product_brand?post=3668"},{"taxonomy":"product_cat","embeddable":true,"href":"https:\/\/test.perek.it\/pl\/wp-json\/wp\/v2\/product_cat?post=3668"},{"taxonomy":"product_tag","embeddable":true,"href":"https:\/\/test.perek.it\/pl\/wp-json\/wp\/v2\/product_tag?post=3668"}],"curies":[{"name":"wp","href":"https:\/\/api.w.org\/{rel}","templated":true}]}}