{"id":3649,"date":"2023-11-19T18:31:47","date_gmt":"2023-11-19T17:31:47","guid":{"rendered":"https:\/\/perek.it\/?post_type=product&#038;p=3649"},"modified":"2024-03-05T21:01:44","modified_gmt":"2024-03-05T20:01:44","slug":"interfejs-hamulca-elektrowirowego-bd2","status":"publish","type":"product","link":"https:\/\/test.perek.it\/pl\/produkt\/interfejs-hamulca-elektrowirowego-bd2\/","title":{"rendered":"Interfejs hamulca elektrowirowego BD2"},"content":{"rendered":"<h2 class=\"western\">Specyfikacja<\/h2>\n<table width=\"100%\" cellspacing=\"0\" cellpadding=\"4\">\n<tbody>\n<tr valign=\"top\">\n<td width=\"59%\">Napi\u0119cie zasilania<\/td>\n<td width=\"41%\">100-415VAC<br \/>\n50-60Hz<br \/>\n1-3 fazy<\/td>\n<\/tr>\n<tr valign=\"top\">\n<td width=\"59%\">Pr\u0105d szczytowy hamulca<\/td>\n<td width=\"41%\">45A<\/td>\n<\/tr>\n<tr valign=\"top\">\n<td width=\"59%\">Pr\u0105d ci\u0105g\u0142y hamulca<\/td>\n<td width=\"41%\">30A<\/td>\n<\/tr>\n<tr valign=\"top\">\n<td width=\"59%\">Maksymalna cz\u0119stotliwo\u015b\u0107 modulacji PWM<\/td>\n<td width=\"41%\">2500Hz<\/td>\n<\/tr>\n<tr valign=\"top\">\n<td width=\"59%\">Wej\u015bcie steruj\u0105ce PWM<\/td>\n<td width=\"41%\">optoizolowane<br \/>\n4V &#8211; 8V<br \/>\nwi\u0119ksze napi\u0119cie mo\u017cliwe z zewn\u0119trznym rezystorem<\/td>\n<\/tr>\n<tr valign=\"top\">\n<td width=\"59%\">Temperatura otoczenia<\/td>\n<td width=\"41%\">\u221220\u00b0C &#8211; 50\u00b0C<\/td>\n<\/tr>\n<tr valign=\"top\">\n<td width=\"59%\">Zabezpieczenie termiczne<\/td>\n<td width=\"41%\">100\u00b0C<\/td>\n<\/tr>\n<tr valign=\"top\">\n<td width=\"59%\">Wilgotno\u015b\u0107 wzgl\u0119dna otoczenia<\/td>\n<td width=\"41%\">0%-95% bez kondensacji<\/td>\n<\/tr>\n<tr valign=\"top\">\n<td width=\"59%\">Wymiary<\/td>\n<td width=\"41%\">14cm x 12cm x 12cm<\/td>\n<\/tr>\n<tr valign=\"top\">\n<td width=\"59%\">Masa<\/td>\n<td width=\"41%\">1115g<\/td>\n<\/tr>\n<\/tbody>\n<\/table>\n<p><a href=\"\/?page_id=3650\">Pe\u0142na specyfikacja i instrukcja<\/a><\/p>\n","protected":false},"excerpt":{"rendered":"<p>Interfejs hamulca jest urz\u0105dzeniem niezb\u0119dnym do sterowania hamulcem elektrowirowym. Spe\u0142nia<br \/>\nnast\u0119puj\u0105ce zadania:<\/p>\n<ul>\n<li>Przetwarza pr\u0105d zmienny z instalacji elektrycznej na pr\u0105d sta\u0142y do zasilania uzwoje\u0144 hamulca<\/li>\n<li>Reguluje si\u0142\u0119 hamowania moduluj\u0105c zasilanie hamulca zgodnie z zadanym na wej\u015bciu sygna\u0142em logicznym PWM (modulacja wype\u0142nienia impulsu)<\/li>\n<\/ul>\n","protected":false},"featured_media":3908,"comment_status":"closed","ping_status":"closed","template":"","meta":[],"product_brand":[],"product_cat":[28],"product_tag":[],"class_list":{"0":"post-3649","1":"product","2":"type-product","3":"status-publish","4":"has-post-thumbnail","6":"product_cat-perek","8":"first","9":"instock","10":"featured","11":"taxable","12":"shipping-taxable","13":"purchasable","14":"product-type-simple"},"_links":{"self":[{"href":"https:\/\/test.perek.it\/pl\/wp-json\/wp\/v2\/product\/3649","targetHints":{"allow":["GET"]}}],"collection":[{"href":"https:\/\/test.perek.it\/pl\/wp-json\/wp\/v2\/product"}],"about":[{"href":"https:\/\/test.perek.it\/pl\/wp-json\/wp\/v2\/types\/product"}],"replies":[{"embeddable":true,"href":"https:\/\/test.perek.it\/pl\/wp-json\/wp\/v2\/comments?post=3649"}],"wp:featuredmedia":[{"embeddable":true,"href":"https:\/\/test.perek.it\/pl\/wp-json\/wp\/v2\/media\/3908"}],"wp:attachment":[{"href":"https:\/\/test.perek.it\/pl\/wp-json\/wp\/v2\/media?parent=3649"}],"wp:term":[{"taxonomy":"product_brand","embeddable":true,"href":"https:\/\/test.perek.it\/pl\/wp-json\/wp\/v2\/product_brand?post=3649"},{"taxonomy":"product_cat","embeddable":true,"href":"https:\/\/test.perek.it\/pl\/wp-json\/wp\/v2\/product_cat?post=3649"},{"taxonomy":"product_tag","embeddable":true,"href":"https:\/\/test.perek.it\/pl\/wp-json\/wp\/v2\/product_tag?post=3649"}],"curies":[{"name":"wp","href":"https:\/\/api.w.org\/{rel}","templated":true}]}}