{"id":3360,"date":"2023-09-24T20:27:18","date_gmt":"2023-09-24T19:27:18","guid":{"rendered":"https:\/\/perek.it\/product\/czujnik-tlenku-wegla-cos1\/"},"modified":"2024-02-28T12:47:37","modified_gmt":"2024-02-28T11:47:37","slug":"czujnik-tlenku-wegla-cos1","status":"publish","type":"product","link":"https:\/\/test.perek.it\/pl\/produkt\/czujnik-tlenku-wegla-cos1\/","title":{"rendered":"Czujnik tlenku w\u0119gla COS1"},"content":{"rendered":"<p><strong>Specyfikacja:<\/strong><\/p>\n<p>Wyj\u015bcie: 0-5V<br \/>\nZasilanie: 10-30VDC<br \/>\nZakres: 0-1000ppm<br \/>\nD\u0142ugo\u015b\u0107 przewodu: 150cm<\/p>\n<p><strong>Pod\u0142\u0105czenie do sterownik\u00f3w serii DC:<\/strong><\/p>\n<p>Br\u0105zowy : zasilanie + : zasilanie +12V<br \/>\nCzarny : zasilanie &#8211; : Wej\u015bcie analogowe GND (-)<br \/>\nZielony : sygna\u0142 &#8211; : Wej\u015bcie analogowe GND (-)<br \/>\nNiebieski : sygna\u0142 + : Wej\u015bcie analogowe sygna\u0142 (S)<\/p>\n<p>Dzi\u0119ki u\u017cyciu czujnika tlenku w\u0119gla (CO, czadu) mo\u017cna monitorowa\u0107 st\u0119\u017cenie tego truj\u0105cego gazu w pomieszczeniu hamowni. Na podstawie odczytu st\u0119\u017cenia mo\u017cna wy\u015bwietli\u0107 ostrze\u017cenia, alarmy lub automatycznie uruchomi\u0107 wentylacj\u0119. Tlenek w\u0119gla produkowany jest podczas pracy silnika spalinowego w zamkni\u0119tym pomieszczeniu bez odpowiedniej wentylacji.<\/p>\n<table class=\"wikitable\">\n<caption>Efekty tlenku w\u0119gla w zale\u017cno\u015bci od st\u0119\u017cenia w ppm:<\/caption>\n<tbody>\n<tr>\n<th>St\u0119\u017cenie<\/th>\n<th>Objawy<\/th>\n<\/tr>\n<tr>\n<td>35 ppm<\/td>\n<td>B\u00f3l i zawroty g\u0142owy w ci\u0105gu sze\u015bciu do o\u015bmiu godzin ci\u0105g\u0142ej ekspozycji<\/td>\n<\/tr>\n<tr>\n<td>100 ppm<\/td>\n<td>B\u00f3l g\u0142owy w ci\u0105gu dw\u00f3ch do trzech godzin<\/td>\n<\/tr>\n<tr>\n<td>200 ppm<\/td>\n<td>B\u00f3l g\u0142owy w ci\u0105gu dw\u00f3ch do trzech godzin; pogorszona ocena sytuacji<\/td>\n<\/tr>\n<tr>\n<td>400 ppm<\/td>\n<td>Silny b\u00f3l g\u0142owy w ci\u0105gu jednej do dw\u00f3ch godzin<\/td>\n<\/tr>\n<tr>\n<td>800 ppm<\/td>\n<td>Zawroty g\u0142owy, nudno\u015bci, konwulsje w ci\u0105gu 45 min; \u015bpi\u0105czka po 2 godzinach<\/td>\n<\/tr>\n<tr>\n<td>1600 ppm<\/td>\n<td>Silny b\u00f3l g\u0142owy, przyspieszona akcja serca, wymioty i konwulsje po 20 minutach; zgon w nieca\u0142e 2 godziny<\/td>\n<\/tr>\n<\/tbody>\n<\/table>\n<p>&nbsp;<\/p>\n","protected":false},"excerpt":{"rendered":"<p>Czujnik tlenku w\u0119gla (CO, czad) z wyj\u015bciem analogowym.<\/p>\n","protected":false},"featured_media":3359,"comment_status":"closed","ping_status":"closed","template":"","meta":[],"product_brand":[],"product_cat":[38],"product_tag":[],"class_list":{"0":"post-3360","1":"product","2":"type-product","3":"status-publish","4":"has-post-thumbnail","6":"product_cat-akcesoria","8":"first","9":"instock","10":"taxable","11":"shipping-taxable","12":"purchasable","13":"product-type-simple"},"_links":{"self":[{"href":"https:\/\/test.perek.it\/pl\/wp-json\/wp\/v2\/product\/3360","targetHints":{"allow":["GET"]}}],"collection":[{"href":"https:\/\/test.perek.it\/pl\/wp-json\/wp\/v2\/product"}],"about":[{"href":"https:\/\/test.perek.it\/pl\/wp-json\/wp\/v2\/types\/product"}],"replies":[{"embeddable":true,"href":"https:\/\/test.perek.it\/pl\/wp-json\/wp\/v2\/comments?post=3360"}],"wp:featuredmedia":[{"embeddable":true,"href":"https:\/\/test.perek.it\/pl\/wp-json\/wp\/v2\/media\/3359"}],"wp:attachment":[{"href":"https:\/\/test.perek.it\/pl\/wp-json\/wp\/v2\/media?parent=3360"}],"wp:term":[{"taxonomy":"product_brand","embeddable":true,"href":"https:\/\/test.perek.it\/pl\/wp-json\/wp\/v2\/product_brand?post=3360"},{"taxonomy":"product_cat","embeddable":true,"href":"https:\/\/test.perek.it\/pl\/wp-json\/wp\/v2\/product_cat?post=3360"},{"taxonomy":"product_tag","embeddable":true,"href":"https:\/\/test.perek.it\/pl\/wp-json\/wp\/v2\/product_tag?post=3360"}],"curies":[{"name":"wp","href":"https:\/\/api.w.org\/{rel}","templated":true}]}}