{"id":3338,"date":"2023-09-10T16:03:12","date_gmt":"2023-09-10T15:03:12","guid":{"rendered":"https:\/\/perek.it\/product\/czujnik-temperatury-na-podczerwien\/"},"modified":"2023-09-10T16:03:12","modified_gmt":"2023-09-10T15:03:12","slug":"czujnik-temperatury-na-podczerwien","status":"publish","type":"product","link":"https:\/\/test.perek.it\/pl\/produkt\/czujnik-temperatury-na-podczerwien\/","title":{"rendered":"Czujnik temperatury na podczerwie\u0144"},"content":{"rendered":"<p>Czujnik temperatury na podczerwie\u0144 ma zastosowanie w monitorowaniu wysokich temperatur bez kontaktu z gor\u0105cymi cz\u0119\u015bciami. Przyk\u0142adowe zastosowania to monitorowanie temperatury:<\/p>\n<ul>\n<li>cewek hamulca elektrowirowego<\/li>\n<li>wirnika hamulca elektrowirowego<\/li>\n<li>opon pojazdu<\/li>\n<\/ul>\n<p>Monitorowanie tych temperatur pozwoli unikn\u0105\u0107 uszkodzenia absorbera lub uszkodzenia opon.<\/p>\n<p>Specyfikacja:<\/p>\n<ul>\n<li>Zakres temperatury: 0 &#8211; 1000\u00b0C ( 0 &#8211; 600\u00b0C przy zasilaniu z 5V )<\/li>\n<li>Stopie\u0144 ochrony: IP65<\/li>\n<li>Zakres widmowy: 8-14um<\/li>\n<li>Emisyjno\u015b\u0107: 0.95<\/li>\n<li>Rozdzielczo\u015b\u0107 temperatury: 0.1\u00b0C<\/li>\n<li>Temperatura pracy: 0 &#8211; 60\u00b0C<\/li>\n<li>Wilgotno\u015b\u0107: 10% &#8211; 95% bez kondensacji<\/li>\n<li>D\u0142ugo\u015b\u0107 przewodu: 2m<\/li>\n<li>Rozdzielczo\u015b\u0107 optyczna: 20:1<\/li>\n<li>Dok\u0142adno\u015b\u0107 pomiaru: 1% lub 1\u00b0C (wi\u0119ksza z dw\u00f3ch)<\/li>\n<li>Powtarzalno\u015b\u0107: 0.5% lub 1\u00b0C (wi\u0119ksza z dw\u00f3ch)<\/li>\n<li>Sygna\u0142 wyj\u015bciowy: 0 &#8211; 5V<\/li>\n<li>Czas reakcji: 200ms<\/li>\n<li>Napi\u0119cie zasilania: 5 &#8211; 36 VDC<\/li>\n<li>Obudowa: Stal nierdzewna<\/li>\n<\/ul>\n<p>Pod\u0142\u0105czenie do wej\u015bcia analogowego w sterownikach serii DC:<\/p>\n<ul>\n<li>Czarny, niebieski &#8211; Analog input GND (-)<\/li>\n<li>Bia\u0142y &#8211; Analog input Signal (S)<\/li>\n<li>Czerwony &#8211; Analog input +5V (+) lub +12V z innego z\u0142\u0105cza dla pe\u0142nego zakresu<\/li>\n<li>Bez izolacji &#8211; ekran &#8211; po\u0142\u0105czenie do masy<\/li>\n<\/ul>\n","protected":false},"excerpt":{"rendered":"<p>Przemys\u0142owy bezdotykowy czujnik temperatury na podczerwie\u0144<\/p>\n","protected":false},"featured_media":3341,"comment_status":"closed","ping_status":"closed","template":"","meta":[],"product_brand":[],"product_cat":[37],"product_tag":[],"class_list":{"0":"post-3338","1":"product","2":"type-product","3":"status-publish","4":"has-post-thumbnail","6":"product_cat-czujniki","8":"first","9":"instock","10":"taxable","11":"shipping-taxable","12":"purchasable","13":"product-type-simple"},"_links":{"self":[{"href":"https:\/\/test.perek.it\/pl\/wp-json\/wp\/v2\/product\/3338","targetHints":{"allow":["GET"]}}],"collection":[{"href":"https:\/\/test.perek.it\/pl\/wp-json\/wp\/v2\/product"}],"about":[{"href":"https:\/\/test.perek.it\/pl\/wp-json\/wp\/v2\/types\/product"}],"replies":[{"embeddable":true,"href":"https:\/\/test.perek.it\/pl\/wp-json\/wp\/v2\/comments?post=3338"}],"wp:featuredmedia":[{"embeddable":true,"href":"https:\/\/test.perek.it\/pl\/wp-json\/wp\/v2\/media\/3341"}],"wp:attachment":[{"href":"https:\/\/test.perek.it\/pl\/wp-json\/wp\/v2\/media?parent=3338"}],"wp:term":[{"taxonomy":"product_brand","embeddable":true,"href":"https:\/\/test.perek.it\/pl\/wp-json\/wp\/v2\/product_brand?post=3338"},{"taxonomy":"product_cat","embeddable":true,"href":"https:\/\/test.perek.it\/pl\/wp-json\/wp\/v2\/product_cat?post=3338"},{"taxonomy":"product_tag","embeddable":true,"href":"https:\/\/test.perek.it\/pl\/wp-json\/wp\/v2\/product_tag?post=3338"}],"curies":[{"name":"wp","href":"https:\/\/api.w.org\/{rel}","templated":true}]}}