{"id":3308,"date":"2023-09-10T13:39:11","date_gmt":"2023-09-10T12:39:11","guid":{"rendered":"https:\/\/perek.it\/?post_type=product&#038;p=3308"},"modified":"2025-03-07T16:51:00","modified_gmt":"2025-03-07T15:51:00","slug":"adapter-indukcyjnego-czujnika-obrotow-vri2","status":"publish","type":"product","link":"https:\/\/test.perek.it\/pl\/produkt\/adapter-indukcyjnego-czujnika-obrotow-vri2\/","title":{"rendered":"Adapter indukcyjnego czujnika obrot\u00f3w VRI2"},"content":{"rendered":"<ul>\n<li>Napi\u0119cie zasilania: 4.9V &#8211; 15V<\/li>\n<li>Wyj\u015bcie: 20mA, open collector + pullup 10kOhm, 5V<\/li>\n<li>Wej\u015bcie czujnika:\n<ul>\n<li>Napi\u0119cie do 50VAC sinus, 250V chwilowe<\/li>\n<li>Wej\u015bcie r\u00f3\u017cnicowe<\/li>\n<li><strong>R\u0119cznie ustawiany pr\u00f3g uzbrojenia<\/strong><\/li>\n<li>Zakres cz\u0119stotliwo\u015bci: 10Hz &#8211; 15kHz<\/li>\n<\/ul>\n<\/li>\n<\/ul>\n<p>W zestawie komplet wtyczek.<\/p>\n<p>Obudowa do monta\u017cu na szynie DIN.<\/p>\n<p>Szyna DIN nie jest do\u0142\u0105czona do adaptera.<\/p>\n<p>Adapter z r\u0119cznie ustawianym progiem uzbrojenia ma zastosowanie przy adaptowaniu czujnik\u00f3w typu VR ze starszych hamowni, gdzie konieczne jest r\u0119czne ustawienie progu, aby unikn\u0105\u0107 zak\u0142\u00f3ce\u0144 przy wolnych obrotach rolki.<\/p>\n<p>Kr\u0119cenie \u015brub\u0105 reguluj\u0105c\u0105 zgodnie ze wskaz\u00f3wkami zegara zwi\u0119ksza pr\u00f3g odrzucania zak\u0142\u00f3ce\u0144. Zakres ruchu \u015bruby to <span class=\"ogAde\">270\u00b0.<\/span><\/p>\n","protected":false},"excerpt":{"rendered":"<p>Adapter zamieniaj\u0105cy analogowy sygna\u0142 indukcyjnego czujnika pr\u0119dko\u015bci obrotowej (VR sensor), wsp\u00f3\u0142pracuj\u0105cego z ko\u0142em z\u0119batym, na sygna\u0142 cyfrowy kompatybilny z wej\u015bciami obs\u0142uguj\u0105cymi czujniki typu Halla i sygna\u0142 cyfrowy.<\/p>\n<p>Za pomoc\u0105 adaptera mo\u017cliwe jest pod\u0142\u0105czenie indukcyjnego czujnika pr\u0119dko\u015bci obrotowej rolki do wej\u015b\u0107\u00a0<strong>Freq input<\/strong> sterownik\u00f3w serii DC.<\/p>\n<p>Adapter nie s\u0142u\u017cy do pod\u0142\u0105czenia czujnika pr\u0119dko\u015bci obrotowej silnika CS1 \/ CS2.<\/p>\n","protected":false},"featured_media":3316,"comment_status":"closed","ping_status":"closed","template":"","meta":[],"product_brand":[],"product_cat":[28],"product_tag":[],"class_list":{"0":"post-3308","1":"product","2":"type-product","3":"status-publish","4":"has-post-thumbnail","6":"product_cat-perek","8":"first","9":"instock","10":"taxable","11":"shipping-taxable","12":"purchasable","13":"product-type-simple"},"_links":{"self":[{"href":"https:\/\/test.perek.it\/pl\/wp-json\/wp\/v2\/product\/3308","targetHints":{"allow":["GET"]}}],"collection":[{"href":"https:\/\/test.perek.it\/pl\/wp-json\/wp\/v2\/product"}],"about":[{"href":"https:\/\/test.perek.it\/pl\/wp-json\/wp\/v2\/types\/product"}],"replies":[{"embeddable":true,"href":"https:\/\/test.perek.it\/pl\/wp-json\/wp\/v2\/comments?post=3308"}],"wp:featuredmedia":[{"embeddable":true,"href":"https:\/\/test.perek.it\/pl\/wp-json\/wp\/v2\/media\/3316"}],"wp:attachment":[{"href":"https:\/\/test.perek.it\/pl\/wp-json\/wp\/v2\/media?parent=3308"}],"wp:term":[{"taxonomy":"product_brand","embeddable":true,"href":"https:\/\/test.perek.it\/pl\/wp-json\/wp\/v2\/product_brand?post=3308"},{"taxonomy":"product_cat","embeddable":true,"href":"https:\/\/test.perek.it\/pl\/wp-json\/wp\/v2\/product_cat?post=3308"},{"taxonomy":"product_tag","embeddable":true,"href":"https:\/\/test.perek.it\/pl\/wp-json\/wp\/v2\/product_tag?post=3308"}],"curies":[{"name":"wp","href":"https:\/\/api.w.org\/{rel}","templated":true}]}}