{"id":3300,"date":"2023-09-10T12:54:26","date_gmt":"2023-09-10T11:54:26","guid":{"rendered":"https:\/\/perek.it\/?post_type=product&#038;p=3300"},"modified":"2025-09-17T12:44:29","modified_gmt":"2025-09-17T11:44:29","slug":"czujnik-obrotow-hs3","status":"publish","type":"product","link":"https:\/\/test.perek.it\/pl\/produkt\/czujnik-obrotow-hs3\/","title":{"rendered":"Czujnik obrot\u00f3w HS3"},"content":{"rendered":"<p>Czujnik obrot\u00f3w HS3 jest czujnikiem obrot\u00f3w typu Halla. Jest stosowany do mierzenia pr\u0119dko\u015bci obrotowej ferromagnetycznego ko\u0142a z\u0119batego. Czujnik wyposa\u017cony jest w diod\u0119 LED sygnalizuj\u0105c\u0105 prac\u0119.<\/p>\n<h3 class=\"western\">Specyfikacja<\/h3>\n<table width=\"100%\" cellspacing=\"0\" cellpadding=\"4\">\n<tbody>\n<tr valign=\"top\">\n<td width=\"59%\">Cz\u0119stotliwo\u015b\u0107 maksymalna<\/td>\n<td width=\"41%\">15 kHz<\/td>\n<\/tr>\n<tr valign=\"top\">\n<td width=\"59%\">Temperatura pracy<\/td>\n<td width=\"41%\">-40 \u00b0C do 150 \u00b0C<\/td>\n<\/tr>\n<tr valign=\"top\">\n<td width=\"59%\">Napi\u0119cie zasilania<\/td>\n<td width=\"41%\">4-24 VDC<\/td>\n<\/tr>\n<tr valign=\"top\">\n<td width=\"59%\">Typ wyj\u015bcia<\/td>\n<td width=\"41%\">Open collector, 20mA max<\/td>\n<\/tr>\n<\/tbody>\n<\/table>\n<h3 class=\"western\">Parametry obudowy<\/h3>\n<table width=\"100%\" cellspacing=\"0\" cellpadding=\"4\">\n<tbody>\n<tr valign=\"top\">\n<td width=\"50%\">Obudowa<\/td>\n<td width=\"50%\">Galwanizowana mied\u017a<\/td>\n<\/tr>\n<tr valign=\"top\">\n<td width=\"50%\">Wymiary<\/td>\n<td width=\"50%\">M12x1, d\u0142ugo\u015b\u0107 50mm<\/td>\n<\/tr>\n<tr valign=\"top\">\n<td width=\"50%\">D\u0142ugo\u015b\u0107 przewod\u00f3w<\/td>\n<td width=\"50%\">2m<\/td>\n<\/tr>\n<\/tbody>\n<\/table>\n<h3 class=\"western\">Pod\u0142\u0105czenie elektryczne<\/h3>\n<table width=\"100%\" cellspacing=\"0\" cellpadding=\"4\">\n<tbody>\n<tr valign=\"top\">\n<td width=\"50%\">Przew\u00f3d br\u0105zowy<\/td>\n<td width=\"50%\">Zasilanie +<\/td>\n<\/tr>\n<tr valign=\"top\">\n<td width=\"50%\">Przew\u00f3d niebieski<\/td>\n<td width=\"50%\">Zasilanie &#8211; (masa)<\/td>\n<\/tr>\n<tr valign=\"top\">\n<td width=\"50%\">Przew\u00f3d czarny<\/td>\n<td width=\"50%\">Wyj\u015bcie sygna\u0142owe<\/td>\n<\/tr>\n<\/tbody>\n<\/table>\n<h3 class=\"western\">Zalecane wymiary ko\u0142a z\u0119batego<\/h3>\n<table width=\"100%\" cellspacing=\"0\" cellpadding=\"4\">\n<tbody>\n<tr valign=\"top\">\n<td width=\"50%\">Wysoko\u015b\u0107 z\u0119ba<\/td>\n<td width=\"50%\">5 mm<\/td>\n<\/tr>\n<tr valign=\"top\">\n<td width=\"50%\">Szeroko\u015b\u0107 z\u0119ba<\/td>\n<td width=\"50%\">2.5 mm<\/td>\n<\/tr>\n<tr valign=\"top\">\n<td width=\"50%\">Odleg\u0142o\u015b\u0107 mi\u0119dzy z\u0119bami<\/td>\n<td width=\"50%\">10 mm<\/td>\n<\/tr>\n<tr valign=\"top\">\n<td width=\"50%\">Grubo\u015b\u0107 tarczy<\/td>\n<td width=\"50%\">6 mm<\/td>\n<\/tr>\n<tr valign=\"top\">\n<td width=\"50%\">Materia\u0142 tarczy<\/td>\n<td width=\"50%\">Stal zimno walcowana<\/td>\n<\/tr>\n<tr valign=\"top\">\n<td width=\"50%\">Odleg\u0142o\u015b\u0107 monta\u017cu czujnika<\/td>\n<td width=\"50%\">1.5mm<\/td>\n<\/tr>\n<\/tbody>\n<\/table>\n<p>&nbsp;<\/p>\n","protected":false},"excerpt":{"rendered":"<p>Czujnik obrot\u00f3w HS3 jest czujnikiem obrot\u00f3w typu Halla. Jest stosowany do mierzenia pr\u0119dko\u015bci obrotowej ferromagnetycznego ko\u0142a z\u0119batego.<\/p>\n<ul>\n<li>Obudowa: Galwanizowana mied\u017a, M12x1<\/li>\n<li>Zasilanie: 4-24VDC<\/li>\n<li>Sygna\u0142: Open collector, do 15kHz<\/li>\n<\/ul>\n","protected":false},"featured_media":3302,"comment_status":"closed","ping_status":"closed","template":"","meta":[],"product_brand":[],"product_cat":[37],"product_tag":[],"class_list":{"0":"post-3300","1":"product","2":"type-product","3":"status-publish","4":"has-post-thumbnail","6":"product_cat-czujniki","8":"first","9":"instock","10":"taxable","11":"shipping-taxable","12":"purchasable","13":"product-type-simple"},"_links":{"self":[{"href":"https:\/\/test.perek.it\/pl\/wp-json\/wp\/v2\/product\/3300","targetHints":{"allow":["GET"]}}],"collection":[{"href":"https:\/\/test.perek.it\/pl\/wp-json\/wp\/v2\/product"}],"about":[{"href":"https:\/\/test.perek.it\/pl\/wp-json\/wp\/v2\/types\/product"}],"replies":[{"embeddable":true,"href":"https:\/\/test.perek.it\/pl\/wp-json\/wp\/v2\/comments?post=3300"}],"wp:featuredmedia":[{"embeddable":true,"href":"https:\/\/test.perek.it\/pl\/wp-json\/wp\/v2\/media\/3302"}],"wp:attachment":[{"href":"https:\/\/test.perek.it\/pl\/wp-json\/wp\/v2\/media?parent=3300"}],"wp:term":[{"taxonomy":"product_brand","embeddable":true,"href":"https:\/\/test.perek.it\/pl\/wp-json\/wp\/v2\/product_brand?post=3300"},{"taxonomy":"product_cat","embeddable":true,"href":"https:\/\/test.perek.it\/pl\/wp-json\/wp\/v2\/product_cat?post=3300"},{"taxonomy":"product_tag","embeddable":true,"href":"https:\/\/test.perek.it\/pl\/wp-json\/wp\/v2\/product_tag?post=3300"}],"curies":[{"name":"wp","href":"https:\/\/api.w.org\/{rel}","templated":true}]}}