{"id":3295,"date":"2023-09-10T11:40:10","date_gmt":"2023-09-10T10:40:10","guid":{"rendered":"https:\/\/perek.it\/product\/filtr-emc\/"},"modified":"2025-11-17T11:22:59","modified_gmt":"2025-11-17T10:22:59","slug":"filtr-emc","status":"publish","type":"product","link":"https:\/\/test.perek.it\/pl\/produkt\/filtr-emc\/","title":{"rendered":"Filtr EMC"},"content":{"rendered":"<p>Filtr EMC u\u017cywany jest do zredukowania zak\u0142\u00f3ce\u0144 przewodzonych do sieci energetycznej od urz\u0105dze\u0144 takich jak interfejs hamulca elektrowirowego serii BD lub falowniki VFD.<\/p>\n<p>Specyfikacja:<\/p>\n<ul>\n<li>Zastosowanie: zasilanie 3 fazowe<\/li>\n<li>Pr\u0105d nominalny: 16A \/ 25A \/ 36A @ 40 \u00b0C<\/li>\n<li>Napi\u0119cie nominalne: 480VAC, 50\/60Hz<\/li>\n<li>Pr\u0105d up\u0142ywu: 96mA<\/li>\n<\/ul>\n<p>Wymiary i pod\u0142\u0105czenie:<\/p>\n<ul>\n<li>16A \/ 25A : rysunek 1C<\/li>\n<li>36A : rysunek 1D-6<\/li>\n<\/ul>\n<p>Dob\u00f3r do modelu interfejsu BD przy zasilaniu 3 fazowym:<\/p>\n<ul>\n<li>BD3-22.5A &#8211; filtr 16A<\/li>\n<li>BD3-30A &#8211; filtr 25A<\/li>\n<li>BD3-45A &#8211; filtr 36A<\/li>\n<li>BD2 &#8211; filtr 25A<\/li>\n<\/ul>\n","protected":false},"excerpt":{"rendered":"<p>Filtr EMC do redukcji zak\u0142\u00f3ce\u0144 przewodzonych do sieci zasilaj\u0105cej.<\/p>\n","protected":false},"featured_media":3279,"comment_status":"closed","ping_status":"closed","template":"","meta":[],"product_brand":[],"product_cat":[38],"product_tag":[],"class_list":{"0":"post-3295","1":"product","2":"type-product","3":"status-publish","4":"has-post-thumbnail","6":"product_cat-akcesoria","8":"first","9":"instock","10":"taxable","11":"shipping-taxable","12":"purchasable","13":"product-type-variable"},"_links":{"self":[{"href":"https:\/\/test.perek.it\/pl\/wp-json\/wp\/v2\/product\/3295","targetHints":{"allow":["GET"]}}],"collection":[{"href":"https:\/\/test.perek.it\/pl\/wp-json\/wp\/v2\/product"}],"about":[{"href":"https:\/\/test.perek.it\/pl\/wp-json\/wp\/v2\/types\/product"}],"replies":[{"embeddable":true,"href":"https:\/\/test.perek.it\/pl\/wp-json\/wp\/v2\/comments?post=3295"}],"wp:featuredmedia":[{"embeddable":true,"href":"https:\/\/test.perek.it\/pl\/wp-json\/wp\/v2\/media\/3279"}],"wp:attachment":[{"href":"https:\/\/test.perek.it\/pl\/wp-json\/wp\/v2\/media?parent=3295"}],"wp:term":[{"taxonomy":"product_brand","embeddable":true,"href":"https:\/\/test.perek.it\/pl\/wp-json\/wp\/v2\/product_brand?post=3295"},{"taxonomy":"product_cat","embeddable":true,"href":"https:\/\/test.perek.it\/pl\/wp-json\/wp\/v2\/product_cat?post=3295"},{"taxonomy":"product_tag","embeddable":true,"href":"https:\/\/test.perek.it\/pl\/wp-json\/wp\/v2\/product_tag?post=3295"}],"curies":[{"name":"wp","href":"https:\/\/api.w.org\/{rel}","templated":true}]}}