{"id":3000,"date":"2023-06-14T11:26:46","date_gmt":"2023-06-14T10:26:46","guid":{"rendered":"https:\/\/perek.it\/?post_type=product&#038;p=3000"},"modified":"2023-06-14T11:31:18","modified_gmt":"2023-06-14T10:31:18","slug":"ekranowany-kabel-sygnalowy-8x0-5","status":"publish","type":"product","link":"https:\/\/test.perek.it\/pl\/produkt\/ekranowany-kabel-sygnalowy-8x0-5\/","title":{"rendered":"Ekranowany kabel sygna\u0142owy 8&#215;0.5"},"content":{"rendered":"<p>Budowa: 8&#215;0.5mm\u00b2 ekranowany, linki<br \/>\n\u015arednica zewn\u0119trzna: ~8mm<br \/>\nNapi\u0119cie: 300V<\/p>\n","protected":false},"excerpt":{"rendered":"<p>Przemys\u0142owy, ekranowany kabel sygna\u0142owy do pod\u0142\u0105cze\u0144 na hamowni.<\/p>\n<p>Cena za 1m<\/p>\n","protected":false},"featured_media":2996,"comment_status":"closed","ping_status":"closed","template":"","meta":[],"product_brand":[],"product_cat":[38],"product_tag":[],"class_list":{"0":"post-3000","1":"product","2":"type-product","3":"status-publish","4":"has-post-thumbnail","6":"product_cat-akcesoria","8":"first","9":"instock","10":"taxable","11":"shipping-taxable","12":"purchasable","13":"product-type-simple"},"_links":{"self":[{"href":"https:\/\/test.perek.it\/pl\/wp-json\/wp\/v2\/product\/3000","targetHints":{"allow":["GET"]}}],"collection":[{"href":"https:\/\/test.perek.it\/pl\/wp-json\/wp\/v2\/product"}],"about":[{"href":"https:\/\/test.perek.it\/pl\/wp-json\/wp\/v2\/types\/product"}],"replies":[{"embeddable":true,"href":"https:\/\/test.perek.it\/pl\/wp-json\/wp\/v2\/comments?post=3000"}],"wp:featuredmedia":[{"embeddable":true,"href":"https:\/\/test.perek.it\/pl\/wp-json\/wp\/v2\/media\/2996"}],"wp:attachment":[{"href":"https:\/\/test.perek.it\/pl\/wp-json\/wp\/v2\/media?parent=3000"}],"wp:term":[{"taxonomy":"product_brand","embeddable":true,"href":"https:\/\/test.perek.it\/pl\/wp-json\/wp\/v2\/product_brand?post=3000"},{"taxonomy":"product_cat","embeddable":true,"href":"https:\/\/test.perek.it\/pl\/wp-json\/wp\/v2\/product_cat?post=3000"},{"taxonomy":"product_tag","embeddable":true,"href":"https:\/\/test.perek.it\/pl\/wp-json\/wp\/v2\/product_tag?post=3000"}],"curies":[{"name":"wp","href":"https:\/\/api.w.org\/{rel}","templated":true}]}}