{"id":300,"date":"2020-08-24T17:52:33","date_gmt":"2020-08-24T16:52:33","guid":{"rendered":"http:\/\/wp.perek.it\/?post_type=product&#038;p=300"},"modified":"2025-09-17T12:47:42","modified_gmt":"2025-09-17T11:47:42","slug":"kolo-sygnalowe-36-zebow","status":"publish","type":"product","link":"https:\/\/test.perek.it\/pl\/produkt\/kolo-sygnalowe-36-zebow\/","title":{"rendered":"Ko\u0142o sygna\u0142owe 36 z\u0119b\u00f3w"},"content":{"rendered":"<p>Uniwersalne ko\u0142o z\u0119bate sygna\u0142owe s\u0142u\u017c\u0105ce do generowania sygna\u0142u pr\u0119dko\u015bci obrotowej we wsp\u00f3\u0142pracy z czujnikiem obrot\u00f3w HS2.<\/p>\n<ul>\n<li>\u015arednica: 145mm<\/li>\n<li>Grubo\u015b\u0107: 6.35mm<\/li>\n<li>Ilo\u015b\u0107 z\u0119b\u00f3w: 36<\/li>\n<li>Materia\u0142: Stal w\u0119glowa jako\u015bciowa C45, ocynkowana, chromianowana<\/li>\n<li>Masa: 726g<\/li>\n<li>Moment bezw\u0142adno\u015bci w osi obrotu: 0.00171 kg*m2<\/li>\n<li>Otw\u00f3r centruj\u0105cy: 7mm<\/li>\n<\/ul>\n","protected":false},"excerpt":{"rendered":"<p>Ko\u0142o z\u0119bate sygna\u0142owe s\u0142u\u017c\u0105ce do generowania sygna\u0142u pr\u0119dko\u015bci obrotowej we wsp\u00f3\u0142pracy z czujnikiem obrot\u00f3w HS2.<\/p>\n","protected":false},"featured_media":302,"comment_status":"closed","ping_status":"closed","template":"","meta":[],"product_brand":[],"product_cat":[37],"product_tag":[],"class_list":{"0":"post-300","1":"product","2":"type-product","3":"status-publish","4":"has-post-thumbnail","6":"product_cat-czujniki","8":"first","9":"instock","10":"taxable","11":"shipping-taxable","12":"purchasable","13":"product-type-simple"},"_links":{"self":[{"href":"https:\/\/test.perek.it\/pl\/wp-json\/wp\/v2\/product\/300","targetHints":{"allow":["GET"]}}],"collection":[{"href":"https:\/\/test.perek.it\/pl\/wp-json\/wp\/v2\/product"}],"about":[{"href":"https:\/\/test.perek.it\/pl\/wp-json\/wp\/v2\/types\/product"}],"replies":[{"embeddable":true,"href":"https:\/\/test.perek.it\/pl\/wp-json\/wp\/v2\/comments?post=300"}],"wp:featuredmedia":[{"embeddable":true,"href":"https:\/\/test.perek.it\/pl\/wp-json\/wp\/v2\/media\/302"}],"wp:attachment":[{"href":"https:\/\/test.perek.it\/pl\/wp-json\/wp\/v2\/media?parent=300"}],"wp:term":[{"taxonomy":"product_brand","embeddable":true,"href":"https:\/\/test.perek.it\/pl\/wp-json\/wp\/v2\/product_brand?post=300"},{"taxonomy":"product_cat","embeddable":true,"href":"https:\/\/test.perek.it\/pl\/wp-json\/wp\/v2\/product_cat?post=300"},{"taxonomy":"product_tag","embeddable":true,"href":"https:\/\/test.perek.it\/pl\/wp-json\/wp\/v2\/product_tag?post=300"}],"curies":[{"name":"wp","href":"https:\/\/api.w.org\/{rel}","templated":true}]}}