{"id":296,"date":"2020-08-21T19:58:45","date_gmt":"2020-08-21T18:58:45","guid":{"rendered":"http:\/\/wp.perek.it\/?post_type=product&#038;p=296"},"modified":"2025-04-15T10:04:08","modified_gmt":"2025-04-15T09:04:08","slug":"ecumaster-dual-h-bridge","status":"publish","type":"product","link":"https:\/\/test.perek.it\/pl\/produkt\/ecumaster-dual-h-bridge\/","title":{"rendered":"Ecumaster DUAL H-BRIDGE"},"content":{"rendered":"<ul>\n<li>Interfejs do sterowania silnikami pr\u0105du sta\u0142ego (do dw\u00f3ch sztuk) w systemie Light Client<\/li>\n<li>Pozwala na prac\u0119 w trybie serwomechanizmu &#8211; utrzymywanie pozycji aktuatora z silnikiem DC i analogowym sygna\u0142em po\u0142o\u017cenia<\/li>\n<li>Pozwala na rozszerzenie funkcjonalno\u015bci sterownika DC1 o sterowanie silnikami pr\u0105du sta\u0142ego<\/li>\n<\/ul>\n<p><a href=\"https:\/\/www.ecumaster.com\/products\/dual-h-bridge\/\" target=\"_blank\" rel=\"noopener noreferrer\">Pe\u0142na specyfikacja<\/a><\/p>\n","protected":false},"excerpt":{"rendered":"<ul>\n<li>Interfejs do sterowania silnikami pr\u0105du sta\u0142ego (do dw\u00f3ch sztuk) w systemie Light Client<\/li>\n<li>Pozwala na prac\u0119 w trybie serwomechanizmu &#8211; utrzymywanie pozycji aktuatora z silnikiem DC i analogowym sygna\u0142em po\u0142o\u017cenia<\/li>\n<li>Pozwala na rozszerzenie funkcjonalno\u015bci sterownika DC1 o sterowanie silnikami pr\u0105du sta\u0142ego<\/li>\n<\/ul>\n<p><a href=\"https:\/\/www.ecumaster.com\/products\/dual-h-bridge\/\" target=\"_blank\" rel=\"noopener noreferrer\">Pe\u0142na specyfikacja<\/a><\/p>\n","protected":false},"featured_media":297,"comment_status":"closed","ping_status":"closed","template":"","meta":[],"product_brand":[],"product_cat":[39],"product_tag":[],"class_list":{"0":"post-296","1":"product","2":"type-product","3":"status-publish","4":"has-post-thumbnail","6":"product_cat-ecumaster","8":"first","9":"onbackorder","10":"taxable","11":"shipping-taxable","12":"purchasable","13":"product-type-simple"},"_links":{"self":[{"href":"https:\/\/test.perek.it\/pl\/wp-json\/wp\/v2\/product\/296","targetHints":{"allow":["GET"]}}],"collection":[{"href":"https:\/\/test.perek.it\/pl\/wp-json\/wp\/v2\/product"}],"about":[{"href":"https:\/\/test.perek.it\/pl\/wp-json\/wp\/v2\/types\/product"}],"replies":[{"embeddable":true,"href":"https:\/\/test.perek.it\/pl\/wp-json\/wp\/v2\/comments?post=296"}],"wp:featuredmedia":[{"embeddable":true,"href":"https:\/\/test.perek.it\/pl\/wp-json\/wp\/v2\/media\/297"}],"wp:attachment":[{"href":"https:\/\/test.perek.it\/pl\/wp-json\/wp\/v2\/media?parent=296"}],"wp:term":[{"taxonomy":"product_brand","embeddable":true,"href":"https:\/\/test.perek.it\/pl\/wp-json\/wp\/v2\/product_brand?post=296"},{"taxonomy":"product_cat","embeddable":true,"href":"https:\/\/test.perek.it\/pl\/wp-json\/wp\/v2\/product_cat?post=296"},{"taxonomy":"product_tag","embeddable":true,"href":"https:\/\/test.perek.it\/pl\/wp-json\/wp\/v2\/product_tag?post=296"}],"curies":[{"name":"wp","href":"https:\/\/api.w.org\/{rel}","templated":true}]}}