{"id":293,"date":"2020-08-21T19:57:36","date_gmt":"2020-08-21T18:57:36","guid":{"rendered":"http:\/\/wp.perek.it\/?post_type=product&#038;p=293"},"modified":"2025-04-24T17:29:53","modified_gmt":"2025-04-24T16:29:53","slug":"ecumaster-lambda-to-can","status":"publish","type":"product","link":"https:\/\/test.perek.it\/pl\/produkt\/ecumaster-lambda-to-can\/","title":{"rendered":"Ecumaster LAMBDA to CAN"},"content":{"rendered":"<ul>\n<li>Kontroler szerokopasmowej sondy lambda w systemie Light Client<\/li>\n<li>Kompatybilny z nowoczesnym czujnikiem Bosch LSU 4.9<\/li>\n<li>Pozwala na rozszerzenie funkcjonalno\u015bci sterownika serii DC o pomiar sk\u0142adu mieszanki paliwowej (lambda, AFR)<\/li>\n<li>Mo\u017cliwe jest jednoczesne podpi\u0119cie wielu kontroler\u00f3w naraz do jednego sterownika hamowni<\/li>\n<\/ul>\n<p><a href=\"https:\/\/www.ecumaster.com\/products\/lambda-to-can\/\" target=\"_blank\" rel=\"noopener noreferrer\">Pe\u0142na specyfikacja<\/a><\/p>\n<p><a href=\"\/?page_id=436\">Konfiguracja oprogramowania<\/a><\/p>\n<p><strong>UWAGA: Podczas u\u017cywania kontrolera na hamowni, pojazd powinien by\u0107 elektrycznie uziemiony, aby unikn\u0105\u0107 uszkodzenia kontrolera lub sondy przez wy\u0142adowania elektrostatyczne.<\/strong><\/p>\n","protected":false},"excerpt":{"rendered":"<ul>\n<li>Kontroler szerokopasmowej sondy lambda w systemie Light Client<\/li>\n<li>Kompatybilny z nowoczesnym czujnikiem Bosch LSU 4.9<\/li>\n<li>Pozwala na rozszerzenie funkcjonalno\u015bci sterownika serii DC o pomiar sk\u0142adu mieszanki paliwowej (lambda, AFR)<\/li>\n<li>Mo\u017cliwe jest jednoczesne podpi\u0119cie wielu kontroler\u00f3w naraz do jednego sterownika hamowni<\/li>\n<\/ul>\n<p><a href=\"https:\/\/www.ecumaster.com\/products\/lambda-to-can\/\" target=\"_blank\" rel=\"noopener noreferrer\">Pe\u0142na specyfikacja<\/a><\/p>\n","protected":false},"featured_media":294,"comment_status":"closed","ping_status":"closed","template":"","meta":[],"product_brand":[],"product_cat":[39],"product_tag":[],"class_list":{"0":"post-293","1":"product","2":"type-product","3":"status-publish","4":"has-post-thumbnail","6":"product_cat-ecumaster","8":"first","9":"instock","10":"taxable","11":"shipping-taxable","12":"purchasable","13":"product-type-simple"},"_links":{"self":[{"href":"https:\/\/test.perek.it\/pl\/wp-json\/wp\/v2\/product\/293","targetHints":{"allow":["GET"]}}],"collection":[{"href":"https:\/\/test.perek.it\/pl\/wp-json\/wp\/v2\/product"}],"about":[{"href":"https:\/\/test.perek.it\/pl\/wp-json\/wp\/v2\/types\/product"}],"replies":[{"embeddable":true,"href":"https:\/\/test.perek.it\/pl\/wp-json\/wp\/v2\/comments?post=293"}],"wp:featuredmedia":[{"embeddable":true,"href":"https:\/\/test.perek.it\/pl\/wp-json\/wp\/v2\/media\/294"}],"wp:attachment":[{"href":"https:\/\/test.perek.it\/pl\/wp-json\/wp\/v2\/media?parent=293"}],"wp:term":[{"taxonomy":"product_brand","embeddable":true,"href":"https:\/\/test.perek.it\/pl\/wp-json\/wp\/v2\/product_brand?post=293"},{"taxonomy":"product_cat","embeddable":true,"href":"https:\/\/test.perek.it\/pl\/wp-json\/wp\/v2\/product_cat?post=293"},{"taxonomy":"product_tag","embeddable":true,"href":"https:\/\/test.perek.it\/pl\/wp-json\/wp\/v2\/product_tag?post=293"}],"curies":[{"name":"wp","href":"https:\/\/api.w.org\/{rel}","templated":true}]}}