{"id":290,"date":"2020-08-21T19:56:05","date_gmt":"2020-08-21T18:56:05","guid":{"rendered":"http:\/\/wp.perek.it\/?post_type=product&#038;p=290"},"modified":"2022-02-25T13:58:00","modified_gmt":"2022-02-25T12:58:00","slug":"ecumaster-usb-to-can","status":"publish","type":"product","link":"https:\/\/test.perek.it\/pl\/produkt\/ecumaster-usb-to-can\/","title":{"rendered":"Ecumaster USB to CAN"},"content":{"rendered":"<ul>\n<li>Interfejs pozwalaj\u0105cy na diagnostyk\u0119 magistrali CAN na komputerze PC<\/li>\n<li>Umo\u017cliwia podgl\u0105d przesy\u0142anych danych oraz nadawanie w\u0142asnych danych<\/li>\n<li>S\u0142u\u017cy jako narz\u0119dzie do konfiguracji produkt\u00f3w Ecumaster opartych na systemie Light Client<\/li>\n<\/ul>\n<p><a href=\"https:\/\/www.ecumaster.com\/products\/usb-to-can\/\" target=\"_blank\" rel=\"noopener noreferrer\">Pe\u0142na specyfikacja<\/a><\/p>\n","protected":false},"excerpt":{"rendered":"<ul>\n<li>Interfejs pozwalaj\u0105cy na diagnostyk\u0119 magistrali CAN na komputerze PC<\/li>\n<li>Umo\u017cliwia podgl\u0105d przesy\u0142anych danych oraz nadawanie w\u0142asnych danych<\/li>\n<li>S\u0142u\u017cy jako narz\u0119dzie do konfiguracji produkt\u00f3w Ecumaster opartych na systemie Light Client<\/li>\n<\/ul>\n<p><a href=\"https:\/\/www.ecumaster.com\/products\/usb-to-can\/\" target=\"_blank\" rel=\"noopener noreferrer\">Pe\u0142na specyfikacja<\/a><\/p>\n","protected":false},"featured_media":291,"comment_status":"closed","ping_status":"closed","template":"","meta":[],"product_brand":[],"product_cat":[39],"product_tag":[],"class_list":{"0":"post-290","1":"product","2":"type-product","3":"status-publish","4":"has-post-thumbnail","6":"product_cat-ecumaster","8":"first","9":"instock","10":"taxable","11":"shipping-taxable","12":"purchasable","13":"product-type-simple"},"_links":{"self":[{"href":"https:\/\/test.perek.it\/pl\/wp-json\/wp\/v2\/product\/290","targetHints":{"allow":["GET"]}}],"collection":[{"href":"https:\/\/test.perek.it\/pl\/wp-json\/wp\/v2\/product"}],"about":[{"href":"https:\/\/test.perek.it\/pl\/wp-json\/wp\/v2\/types\/product"}],"replies":[{"embeddable":true,"href":"https:\/\/test.perek.it\/pl\/wp-json\/wp\/v2\/comments?post=290"}],"wp:featuredmedia":[{"embeddable":true,"href":"https:\/\/test.perek.it\/pl\/wp-json\/wp\/v2\/media\/291"}],"wp:attachment":[{"href":"https:\/\/test.perek.it\/pl\/wp-json\/wp\/v2\/media?parent=290"}],"wp:term":[{"taxonomy":"product_brand","embeddable":true,"href":"https:\/\/test.perek.it\/pl\/wp-json\/wp\/v2\/product_brand?post=290"},{"taxonomy":"product_cat","embeddable":true,"href":"https:\/\/test.perek.it\/pl\/wp-json\/wp\/v2\/product_cat?post=290"},{"taxonomy":"product_tag","embeddable":true,"href":"https:\/\/test.perek.it\/pl\/wp-json\/wp\/v2\/product_tag?post=290"}],"curies":[{"name":"wp","href":"https:\/\/api.w.org\/{rel}","templated":true}]}}