{"id":287,"date":"2020-08-21T19:54:42","date_gmt":"2020-08-21T18:54:42","guid":{"rendered":"http:\/\/wp.perek.it\/?post_type=product&#038;p=287"},"modified":"2025-04-15T10:02:14","modified_gmt":"2025-04-15T09:02:14","slug":"sterowniki-silnika-ecumaster-emu-black","status":"publish","type":"product","link":"https:\/\/test.perek.it\/pl\/produkt\/sterowniki-silnika-ecumaster-emu-black\/","title":{"rendered":"Sterowniki silnika Ecumaster EMU Black"},"content":{"rendered":"<ul>\n<li>Samodzielny sterownik do silnik\u00f3w o zap\u0142onie iskrowym<\/li>\n<li>Pozwala na sterowanie przepustnic\u0105 wed\u0142ug zadanych cykli badawczych we wsp\u00f3\u0142pracy ze sterownikiem DC1<\/li>\n<li>Pozwala na po\u0142\u0105czenie informacji o pracy silnika z informacjami ze sterownika hamowni za pomoc\u0105 magistrali CAN<\/li>\n<\/ul>\n<p><a href=\"https:\/\/www.ecumaster.com\/products\/emu-black\/\" target=\"_blank\" rel=\"noopener noreferrer\">Pe\u0142na specyfikacja<\/a><\/p>\n","protected":false},"excerpt":{"rendered":"<ul>\n<li>Samodzielny sterownik do silnik\u00f3w o zap\u0142onie iskrowym<\/li>\n<li>Pozwala na sterowanie przepustnic\u0105 wed\u0142ug zadanych cykli badawczych we wsp\u00f3\u0142pracy ze sterownikiem DC1<\/li>\n<li>Pozwala na po\u0142\u0105czenie informacji o pracy silnika z informacjami ze sterownika hamowni za pomoc\u0105 magistrali CAN<\/li>\n<\/ul>\n<p><a href=\"https:\/\/www.ecumaster.com\/products\/emu-black\/\" target=\"_blank\" rel=\"noopener noreferrer\">Pe\u0142na specyfikacja<\/a><\/p>\n","protected":false},"featured_media":288,"comment_status":"closed","ping_status":"closed","template":"","meta":[],"product_brand":[],"product_cat":[39],"product_tag":[],"class_list":{"0":"post-287","1":"product","2":"type-product","3":"status-publish","4":"has-post-thumbnail","6":"product_cat-ecumaster","8":"first","9":"onbackorder","10":"taxable","11":"shipping-taxable","12":"purchasable","13":"product-type-simple"},"_links":{"self":[{"href":"https:\/\/test.perek.it\/pl\/wp-json\/wp\/v2\/product\/287","targetHints":{"allow":["GET"]}}],"collection":[{"href":"https:\/\/test.perek.it\/pl\/wp-json\/wp\/v2\/product"}],"about":[{"href":"https:\/\/test.perek.it\/pl\/wp-json\/wp\/v2\/types\/product"}],"replies":[{"embeddable":true,"href":"https:\/\/test.perek.it\/pl\/wp-json\/wp\/v2\/comments?post=287"}],"wp:featuredmedia":[{"embeddable":true,"href":"https:\/\/test.perek.it\/pl\/wp-json\/wp\/v2\/media\/288"}],"wp:attachment":[{"href":"https:\/\/test.perek.it\/pl\/wp-json\/wp\/v2\/media?parent=287"}],"wp:term":[{"taxonomy":"product_brand","embeddable":true,"href":"https:\/\/test.perek.it\/pl\/wp-json\/wp\/v2\/product_brand?post=287"},{"taxonomy":"product_cat","embeddable":true,"href":"https:\/\/test.perek.it\/pl\/wp-json\/wp\/v2\/product_cat?post=287"},{"taxonomy":"product_tag","embeddable":true,"href":"https:\/\/test.perek.it\/pl\/wp-json\/wp\/v2\/product_tag?post=287"}],"curies":[{"name":"wp","href":"https:\/\/api.w.org\/{rel}","templated":true}]}}