{"id":2846,"date":"2023-03-12T22:12:53","date_gmt":"2023-03-12T21:12:53","guid":{"rendered":"https:\/\/perek.it\/product\/ekranowany-kabel-zasilajacy-do-hamulcow-elektrowirowych\/"},"modified":"2023-03-12T22:12:53","modified_gmt":"2023-03-12T21:12:53","slug":"ekranowany-kabel-zasilajacy-do-hamulcow-elektrowirowych","status":"publish","type":"product","link":"https:\/\/test.perek.it\/pl\/produkt\/ekranowany-kabel-zasilajacy-do-hamulcow-elektrowirowych\/","title":{"rendered":"Ekranowany kabel zasilaj\u0105cy do hamulc\u00f3w elektrowirowych"},"content":{"rendered":"<p>Wysokiej jako\u015bci, elastyczny, ekranowany kabel zasilaj\u0105cy u\u017cywany do pod\u0142\u0105czenia hamulc\u00f3w elektrowirowych i unikni\u0119cia zak\u0142\u00f3ce\u0144 elektromagnetycznych.<\/p>\n<p>Budowa: 4 przewody w ekranie<br \/>\nIzolacja: 0.6\/1kV<\/p>\n<p>Sugerowane pod\u0142\u0105czenie to u\u017cycie 2 \u017cy\u0142 na ka\u017cdy biegun absorbera i pod\u0142\u0105czenie przewodu ochronnego przez ekran.<\/p>\n<p>Wyb\u00f3r przekroju do pracy w temperaturze do 40\u00b0C przy parowanych \u017cy\u0142ach:<br \/>\n25A &#8211; 1.5mm\u00b2<br \/>\n33A &#8211; 2.5mm\u00b2<br \/>\n45A &#8211; 4mm\u00b2<\/p>\n","protected":false},"excerpt":{"rendered":"<p>Przemys\u0142owy ekranowany kabel zasilaj\u0105cy do pod\u0142\u0105czania hamulc\u00f3w elektrowirowych z interfejsami zasilaj\u0105cymi serii BD.<br \/>\nCena za 1m<\/p>\n","protected":false},"featured_media":2841,"comment_status":"closed","ping_status":"closed","template":"","meta":[],"product_brand":[],"product_cat":[38],"product_tag":[],"class_list":{"0":"post-2846","1":"product","2":"type-product","3":"status-publish","4":"has-post-thumbnail","6":"product_cat-akcesoria","8":"first","9":"instock","10":"taxable","11":"shipping-taxable","12":"purchasable","13":"product-type-variable"},"_links":{"self":[{"href":"https:\/\/test.perek.it\/pl\/wp-json\/wp\/v2\/product\/2846","targetHints":{"allow":["GET"]}}],"collection":[{"href":"https:\/\/test.perek.it\/pl\/wp-json\/wp\/v2\/product"}],"about":[{"href":"https:\/\/test.perek.it\/pl\/wp-json\/wp\/v2\/types\/product"}],"replies":[{"embeddable":true,"href":"https:\/\/test.perek.it\/pl\/wp-json\/wp\/v2\/comments?post=2846"}],"wp:featuredmedia":[{"embeddable":true,"href":"https:\/\/test.perek.it\/pl\/wp-json\/wp\/v2\/media\/2841"}],"wp:attachment":[{"href":"https:\/\/test.perek.it\/pl\/wp-json\/wp\/v2\/media?parent=2846"}],"wp:term":[{"taxonomy":"product_brand","embeddable":true,"href":"https:\/\/test.perek.it\/pl\/wp-json\/wp\/v2\/product_brand?post=2846"},{"taxonomy":"product_cat","embeddable":true,"href":"https:\/\/test.perek.it\/pl\/wp-json\/wp\/v2\/product_cat?post=2846"},{"taxonomy":"product_tag","embeddable":true,"href":"https:\/\/test.perek.it\/pl\/wp-json\/wp\/v2\/product_tag?post=2846"}],"curies":[{"name":"wp","href":"https:\/\/api.w.org\/{rel}","templated":true}]}}