{"id":2836,"date":"2023-03-12T21:43:02","date_gmt":"2023-03-12T20:43:02","guid":{"rendered":"https:\/\/perek.it\/product\/kabel-magistrali-can\/"},"modified":"2023-03-12T21:43:02","modified_gmt":"2023-03-12T20:43:02","slug":"kabel-magistrali-can","status":"publish","type":"product","link":"https:\/\/test.perek.it\/pl\/produkt\/kabel-magistrali-can\/","title":{"rendered":"Kabel magistrali CAN"},"content":{"rendered":"<p>Budowa 1x2x0.22mm\u00b2 ekranowana skr\u0119cona para linki<br \/>\n\u015arednica zewn\u0119trzna: ~5.5mm<\/p>\n","protected":false},"excerpt":{"rendered":"<p>Elastyczny, przemys\u0142owy, ekranowany kabel do pod\u0142\u0105cze\u0144 magistrali CAN bus na hamowni.<\/p>\n<p>Cena za 1m<\/p>\n","protected":false},"featured_media":2835,"comment_status":"closed","ping_status":"closed","template":"","meta":[],"product_brand":[],"product_cat":[38],"product_tag":[],"class_list":{"0":"post-2836","1":"product","2":"type-product","3":"status-publish","4":"has-post-thumbnail","6":"product_cat-akcesoria","8":"first","9":"instock","10":"taxable","11":"shipping-taxable","12":"purchasable","13":"product-type-simple"},"_links":{"self":[{"href":"https:\/\/test.perek.it\/pl\/wp-json\/wp\/v2\/product\/2836","targetHints":{"allow":["GET"]}}],"collection":[{"href":"https:\/\/test.perek.it\/pl\/wp-json\/wp\/v2\/product"}],"about":[{"href":"https:\/\/test.perek.it\/pl\/wp-json\/wp\/v2\/types\/product"}],"replies":[{"embeddable":true,"href":"https:\/\/test.perek.it\/pl\/wp-json\/wp\/v2\/comments?post=2836"}],"wp:featuredmedia":[{"embeddable":true,"href":"https:\/\/test.perek.it\/pl\/wp-json\/wp\/v2\/media\/2835"}],"wp:attachment":[{"href":"https:\/\/test.perek.it\/pl\/wp-json\/wp\/v2\/media?parent=2836"}],"wp:term":[{"taxonomy":"product_brand","embeddable":true,"href":"https:\/\/test.perek.it\/pl\/wp-json\/wp\/v2\/product_brand?post=2836"},{"taxonomy":"product_cat","embeddable":true,"href":"https:\/\/test.perek.it\/pl\/wp-json\/wp\/v2\/product_cat?post=2836"},{"taxonomy":"product_tag","embeddable":true,"href":"https:\/\/test.perek.it\/pl\/wp-json\/wp\/v2\/product_tag?post=2836"}],"curies":[{"name":"wp","href":"https:\/\/api.w.org\/{rel}","templated":true}]}}