{"id":2825,"date":"2023-03-09T19:57:43","date_gmt":"2023-03-09T18:57:43","guid":{"rendered":"https:\/\/perek.it\/?post_type=product&#038;p=2825"},"modified":"2025-04-24T17:39:06","modified_gmt":"2025-04-24T16:39:06","slug":"wiazka-pnp-do-ecumaster-lambda-to-can","status":"publish","type":"product","link":"https:\/\/test.perek.it\/pl\/produkt\/wiazka-pnp-do-ecumaster-lambda-to-can\/","title":{"rendered":"Wi\u0105zka PnP do Ecumaster LAMBDA to CAN"},"content":{"rendered":"<p>Wi\u0105zka Plug and Play do pod\u0142\u0105czenia kontrolera sondy szerokopasmowej Ecumaster LAMBDA to CAN do sterownik\u00f3w hamowni serii DC.<br \/>\nZako\u0144czona terminatorem magistrali 120 Ohm przy wtyczce Ecumaster LTC.<br \/>\nD\u0142ugo\u015b\u0107: 5m<br \/>\nKabel: Ekranowany 2&#215;2 skr\u0119cone pary 0.5mm\u00b2<br \/>\nW zestawie zasilacz 12V 3A<\/p>\n<p>3 pinowy konektor z zielon\u0105 (CAN high) i \u017c\u00f3\u0142t\u0105 (CAN low) \u017cy\u0142\u0105 powinien by\u0107 wpi\u0119ty do gniazda CAN w sterowniku DC2.<\/p>\n<p>Kiedy wi\u0105zka jest u\u017cywana do starszych sterownik\u00f3w serii DC1 z 2 pinowym gniazdem CAN, zielon\u0105 i \u017c\u00f3\u0142t\u0105 \u017cy\u0142\u0119 nale\u017cy prze\u0142o\u017cy\u0107 do 2 pinowej wtyczki. Czarna \u017cy\u0142a ma by\u0107 podpi\u0119ta do dowolnego terminala GND.<\/p>\n<p>&nbsp;<\/p>\n","protected":false},"excerpt":{"rendered":"<p>Wi\u0105zka Plug and Play do pod\u0142\u0105czenia kontrolera sondy szerokopasmowej Ecumaster LAMBDA to CAN do sterownik\u00f3w hamowni serii DC.<\/p>\n","protected":false},"featured_media":2826,"comment_status":"closed","ping_status":"closed","template":"","meta":[],"product_brand":[],"product_cat":[37],"product_tag":[],"class_list":{"0":"post-2825","1":"product","2":"type-product","3":"status-publish","4":"has-post-thumbnail","6":"product_cat-czujniki","8":"first","9":"instock","10":"taxable","11":"shipping-taxable","12":"purchasable","13":"product-type-simple"},"_links":{"self":[{"href":"https:\/\/test.perek.it\/pl\/wp-json\/wp\/v2\/product\/2825","targetHints":{"allow":["GET"]}}],"collection":[{"href":"https:\/\/test.perek.it\/pl\/wp-json\/wp\/v2\/product"}],"about":[{"href":"https:\/\/test.perek.it\/pl\/wp-json\/wp\/v2\/types\/product"}],"replies":[{"embeddable":true,"href":"https:\/\/test.perek.it\/pl\/wp-json\/wp\/v2\/comments?post=2825"}],"wp:featuredmedia":[{"embeddable":true,"href":"https:\/\/test.perek.it\/pl\/wp-json\/wp\/v2\/media\/2826"}],"wp:attachment":[{"href":"https:\/\/test.perek.it\/pl\/wp-json\/wp\/v2\/media?parent=2825"}],"wp:term":[{"taxonomy":"product_brand","embeddable":true,"href":"https:\/\/test.perek.it\/pl\/wp-json\/wp\/v2\/product_brand?post=2825"},{"taxonomy":"product_cat","embeddable":true,"href":"https:\/\/test.perek.it\/pl\/wp-json\/wp\/v2\/product_cat?post=2825"},{"taxonomy":"product_tag","embeddable":true,"href":"https:\/\/test.perek.it\/pl\/wp-json\/wp\/v2\/product_tag?post=2825"}],"curies":[{"name":"wp","href":"https:\/\/api.w.org\/{rel}","templated":true}]}}