{"id":281,"date":"2020-08-21T19:46:40","date_gmt":"2020-08-21T18:46:40","guid":{"rendered":"http:\/\/wp.perek.it\/?post_type=product&#038;p=281"},"modified":"2022-08-25T15:12:32","modified_gmt":"2022-08-25T14:12:32","slug":"interfejs-obd-poprzez-bluetooth","status":"publish","type":"product","link":"https:\/\/test.perek.it\/pl\/produkt\/interfejs-obd-poprzez-bluetooth\/","title":{"rendered":"Interfejs OBD poprzez Bluetooth"},"content":{"rendered":"<ul>\n<li>Bezprzewodowy interfejs OBD zasilany z samochodowego z\u0142\u0105cza OBD<\/li>\n<li>Kompatybilny z kontrolerem hamowni. Pod\u0142\u0105czany poprzez bezprzewodowy protok\u00f3\u0142 Bluetooth.<\/li>\n<li>Wspierane protoko\u0142y:<\/li>\n<\/ul>\n<ul>\n<li>SAE J1850 PWM (41.6 kbaud)<\/li>\n<li>SAE J1850 VPW (10.4 kbaud)<\/li>\n<li>ISO 9141-2 (5 baud init, 10.4 kbaud)<\/li>\n<li>ISO 14230-4 KWP (5 baud init, 10.4 kbaud)<\/li>\n<li>ISO 14230-4 KWP (fast init, 10.4 kbaud)<\/li>\n<li>ISO 15765-4 CAN (11 bit ID, 500 kbaud)<\/li>\n<li>ISO 15765-4 CAN (29 bit ID, 500 kbaud)<\/li>\n<li>ISO 15765-4 CAN (11 bit ID, 250 kbaud)<\/li>\n<li>ISO 15765-4 CAN (29 bit ID, 250 kbaud)<\/li>\n<li>A.SAE J1939 CAN (29bit ID, 250*Kbaud)<\/li>\n<li>B.USER1 CAN (11*bit ID, 125*Kbaud)<\/li>\n<li>C.USER2 CAN (11*bit ID, 50*kbaud)<\/li>\n<\/ul>\n","protected":false},"excerpt":{"rendered":"<ul>\n<li>Bezprzewodowy interfejs OBD zasilany z samochodowego z\u0142\u0105cza OBD<\/li>\n<li>Kompatybilny z kontrolerem hamowni. Pod\u0142\u0105czany poprzez bezprzewodowy protok\u00f3\u0142 Bluetooth<\/li>\n<\/ul>\n","protected":false},"featured_media":1219,"comment_status":"closed","ping_status":"closed","template":"","meta":[],"product_brand":[],"product_cat":[38],"product_tag":[],"class_list":{"0":"post-281","1":"product","2":"type-product","3":"status-publish","4":"has-post-thumbnail","6":"product_cat-akcesoria","8":"first","9":"instock","10":"taxable","11":"shipping-taxable","12":"purchasable","13":"product-type-simple"},"_links":{"self":[{"href":"https:\/\/test.perek.it\/pl\/wp-json\/wp\/v2\/product\/281","targetHints":{"allow":["GET"]}}],"collection":[{"href":"https:\/\/test.perek.it\/pl\/wp-json\/wp\/v2\/product"}],"about":[{"href":"https:\/\/test.perek.it\/pl\/wp-json\/wp\/v2\/types\/product"}],"replies":[{"embeddable":true,"href":"https:\/\/test.perek.it\/pl\/wp-json\/wp\/v2\/comments?post=281"}],"wp:featuredmedia":[{"embeddable":true,"href":"https:\/\/test.perek.it\/pl\/wp-json\/wp\/v2\/media\/1219"}],"wp:attachment":[{"href":"https:\/\/test.perek.it\/pl\/wp-json\/wp\/v2\/media?parent=281"}],"wp:term":[{"taxonomy":"product_brand","embeddable":true,"href":"https:\/\/test.perek.it\/pl\/wp-json\/wp\/v2\/product_brand?post=281"},{"taxonomy":"product_cat","embeddable":true,"href":"https:\/\/test.perek.it\/pl\/wp-json\/wp\/v2\/product_cat?post=281"},{"taxonomy":"product_tag","embeddable":true,"href":"https:\/\/test.perek.it\/pl\/wp-json\/wp\/v2\/product_tag?post=281"}],"curies":[{"name":"wp","href":"https:\/\/api.w.org\/{rel}","templated":true}]}}