{"id":266,"date":"2020-08-21T19:26:52","date_gmt":"2020-08-21T18:26:52","guid":{"rendered":"http:\/\/wp.perek.it\/?post_type=product&#038;p=266"},"modified":"2026-02-26T09:56:39","modified_gmt":"2026-02-26T08:56:39","slug":"tensometr-typu-s","status":"publish","type":"product","link":"https:\/\/test.perek.it\/pl\/produkt\/tensometr-typu-s\/","title":{"rendered":"Tensometr Typu S"},"content":{"rendered":"<p>Tensometr do mierzenia momentu si\u0142y hamowania. Tensometr nale\u017cy montowa\u0107 na przegubach kulowych, aby by\u0142 wy\u0142\u0105cznie rozci\u0105gany lub \u015bciskany.<\/p>\n<ul>\n<li>Materia\u0142: Stal stopowa chromowa 40Cr<\/li>\n<li>Przew\u00f3d pod\u0142\u0105czeniowy: Ekranowany 2m d\u0142ugo\u015bci<\/li>\n<li>Klasa dok\u0142adno\u015bci C2<\/li>\n<li>Czu\u0142o\u015b\u0107: 2.0 \u00b1 0.05mV \/ V<\/li>\n<li>Wsp\u00f3\u0142czynnik temperaturowy: \u00b1 0.003\u2264% F.S \/ \u2103<\/li>\n<li>Nieliniowo\u015b\u0107: \u00b1 0.03\u2264% F.S<\/li>\n<li>Histereza: \u00b1 0.03\u2264% F.S<\/li>\n<li>Powtarzalno\u015b\u0107: \u00b1 0.03\u2264% F.S<\/li>\n<li>Pe\u0142zanie: \u00b1 0.03\u2264% F.S \/ 30min<\/li>\n<li>Sygna\u0142 zerowy: \u00b1 1\u2264% F.S<\/li>\n<li>Wsp\u00f3\u0142czynnik temperaturowy sygna\u0142u zerowego: \u00b1 0.03\u2264% F.S \/ 10\u2103<\/li>\n<li>Temperatura pracy: -20 ~ 80\u2103<\/li>\n<li>Rezystancja wej\u015bciowa: 350 \u00b1 20\u03a9<\/li>\n<li>Rezystancja wyj\u015bciowa: 350 \u00b1 5\u03a9<\/li>\n<li>Dopuszczalne przeci\u0105\u017cenie: 150% F.S<\/li>\n<li>Rezystancja izolacji: \u22652000M\u03a9<\/li>\n<li>Zalecane napi\u0119cie wzbudzenia: 5-15V<\/li>\n<\/ul>\n<p>&nbsp;<\/p>\n<p>&nbsp;<\/p>\n<table>\n<tbody>\n<tr>\n<td>Zakres<\/td>\n<td>A<\/td>\n<td>B [mm]<\/td>\n<td>C [mm]<\/td>\n<td>D [mm]<\/td>\n<\/tr>\n<tr>\n<td>20kg, 50kg<\/td>\n<td>M8x1.25<\/td>\n<td>12.7<\/td>\n<td>50.8<\/td>\n<td>63.5<\/td>\n<\/tr>\n<tr>\n<td>100kg, 200kg<\/td>\n<td>M12x1.75<\/td>\n<td>19<\/td>\n<td>50.8<\/td>\n<td>76.2<\/td>\n<\/tr>\n<tr>\n<td>500kg<\/td>\n<td>M12x1.75<\/td>\n<td>25.4<\/td>\n<td>50.8<\/td>\n<td>76.2<\/td>\n<\/tr>\n<tr>\n<td>1T, 2T<\/td>\n<td>M16x2.0<\/td>\n<td>25.4<\/td>\n<td>50.8<\/td>\n<td>76.2<\/td>\n<\/tr>\n<\/tbody>\n<\/table>\n<p>&nbsp;<\/p>\n<table>\n<tbody>\n<tr>\n<td>Funkcja<\/td>\n<td>Kolor<\/td>\n<td>LCA1<\/td>\n<td>DC2L<\/td>\n<td>DC2<\/td>\n<\/tr>\n<tr>\n<td>Zasilanie +<\/td>\n<td>Czerwony<\/td>\n<td>V+<\/td>\n<td>EXC+<\/td>\n<td>EXC+<\/td>\n<\/tr>\n<tr>\n<td>Zasilanie &#8211;<\/td>\n<td>Czarny<\/td>\n<td>V-<\/td>\n<td>EXC-<\/td>\n<td>EXC-<\/td>\n<\/tr>\n<tr>\n<td>Sygna\u0142 +<\/td>\n<td>Zielony<\/td>\n<td>S+<\/td>\n<td>SIG+<\/td>\n<td>SIG+<\/td>\n<\/tr>\n<tr>\n<td>Sygna\u0142 &#8211;<\/td>\n<td>Szary<\/td>\n<td>S-<\/td>\n<td>SIG-<\/td>\n<td>SIG-<\/td>\n<\/tr>\n<tr>\n<td>Ekran<\/td>\n<td>\u017b\u00f3\u0142ty<\/td>\n<td>GND<\/td>\n<td>EXC-<br \/>\nalbo<br \/>\nuziemienie PE<\/td>\n<td>SHLD<\/td>\n<\/tr>\n<\/tbody>\n<\/table>\n","protected":false},"excerpt":{"rendered":"<p>Tensometr do mierzenia momentu si\u0142y hamowania. Tensometr nale\u017cy montowa\u0107 na przegubach kulowych, aby by\u0142 wy\u0142\u0105cznie rozci\u0105gany lub \u015bciskany.<\/p>\n","protected":false},"featured_media":5056,"comment_status":"closed","ping_status":"closed","template":"","meta":[],"product_brand":[],"product_cat":[37],"product_tag":[],"class_list":{"0":"post-266","1":"product","2":"type-product","3":"status-publish","4":"has-post-thumbnail","6":"product_cat-czujniki","8":"first","9":"instock","10":"taxable","11":"shipping-taxable","12":"purchasable","13":"product-type-variable","14":"has-default-attributes"},"_links":{"self":[{"href":"https:\/\/test.perek.it\/pl\/wp-json\/wp\/v2\/product\/266","targetHints":{"allow":["GET"]}}],"collection":[{"href":"https:\/\/test.perek.it\/pl\/wp-json\/wp\/v2\/product"}],"about":[{"href":"https:\/\/test.perek.it\/pl\/wp-json\/wp\/v2\/types\/product"}],"replies":[{"embeddable":true,"href":"https:\/\/test.perek.it\/pl\/wp-json\/wp\/v2\/comments?post=266"}],"wp:featuredmedia":[{"embeddable":true,"href":"https:\/\/test.perek.it\/pl\/wp-json\/wp\/v2\/media\/5056"}],"wp:attachment":[{"href":"https:\/\/test.perek.it\/pl\/wp-json\/wp\/v2\/media?parent=266"}],"wp:term":[{"taxonomy":"product_brand","embeddable":true,"href":"https:\/\/test.perek.it\/pl\/wp-json\/wp\/v2\/product_brand?post=266"},{"taxonomy":"product_cat","embeddable":true,"href":"https:\/\/test.perek.it\/pl\/wp-json\/wp\/v2\/product_cat?post=266"},{"taxonomy":"product_tag","embeddable":true,"href":"https:\/\/test.perek.it\/pl\/wp-json\/wp\/v2\/product_tag?post=266"}],"curies":[{"name":"wp","href":"https:\/\/api.w.org\/{rel}","templated":true}]}}