{"id":2395,"date":"2022-10-29T11:06:35","date_gmt":"2022-10-29T10:06:35","guid":{"rendered":"https:\/\/perek.it\/product\/czujnik-temperatury-spalin-egt-termopara-typu-k\/"},"modified":"2025-03-24T19:37:32","modified_gmt":"2025-03-24T18:37:32","slug":"czujnik-temperatury-spalin-egt-termopara-typu-k","status":"publish","type":"product","link":"https:\/\/test.perek.it\/pl\/produkt\/czujnik-temperatury-spalin-egt-termopara-typu-k\/","title":{"rendered":"Czujnik temperatury spalin (EGT) termopara typu K"},"content":{"rendered":"<p>Wysokiej jako\u015bci przemys\u0142owy czujnik temperatury spalin (EGT).<br \/>\nWyprodukowany w Polsce.<br \/>\nCzujnik mo\u017cna pod\u0142\u0105czy\u0107 bezpo\u015brednio do wej\u015bcia analogowego w sterownikach hamowni serii DC (high precision analog input).<\/p>\n<p>Czujnik mo\u017ce by\u0107 zainstalowany w rurze wydechowej poprzez wykonanie otworu z gwintem M10x1. Za\u0142\u0105czony adapter pozwala na regulacje po\u0142o\u017cenia czujnika i zapewnia szczelne umocowanie.<\/p>\n<p>D\u0142ugo\u015b\u0107 przewodu: 5m<br \/>\nTermopara: typu K (NiCr-NiAl) klasa I, izolowana<br \/>\nZakres temperatury: 0\u00b0C to 900\u00b0C (chwilowo 1000\u00b0C)<br \/>\nPrzew\u00f3d przy\u0142\u0105czeniowy: Stalowy ekran z izolacj\u0105 z w\u0142\u00f3kna szklanego.<br \/>\nMaksymalna temperatura pracy przewodu: 400\u00b0C<\/p>\n<p>Pod\u0142\u0105czenie:<br \/>\n+ zielony NiCr<br \/>\n&#8211; bia\u0142y NiAl<\/p>\n<p>Dok\u0142adno\u015b\u0107:<br \/>\n\u22120\u00b0C \u2013 375\u00b0C: \u00b11.5\u00b0C<br \/>\n375\u00b0C \u2013 1000\u00b0C: \u00b10.4%<\/p>\n","protected":false},"excerpt":{"rendered":"<p>Wysokiej jako\u015bci przemys\u0142owy czujnik temperatury spalin (EGT).<br \/>\nTermopara typu K<br \/>\nBezpo\u015brednie pod\u0142\u0105czenie do sterownik\u00f3w hamowni serii DC.<\/p>\n","protected":false},"featured_media":2391,"comment_status":"closed","ping_status":"closed","template":"","meta":[],"product_brand":[],"product_cat":[37],"product_tag":[],"class_list":{"0":"post-2395","1":"product","2":"type-product","3":"status-publish","4":"has-post-thumbnail","6":"product_cat-czujniki","8":"first","9":"instock","10":"taxable","11":"shipping-taxable","12":"purchasable","13":"product-type-simple"},"_links":{"self":[{"href":"https:\/\/test.perek.it\/pl\/wp-json\/wp\/v2\/product\/2395","targetHints":{"allow":["GET"]}}],"collection":[{"href":"https:\/\/test.perek.it\/pl\/wp-json\/wp\/v2\/product"}],"about":[{"href":"https:\/\/test.perek.it\/pl\/wp-json\/wp\/v2\/types\/product"}],"replies":[{"embeddable":true,"href":"https:\/\/test.perek.it\/pl\/wp-json\/wp\/v2\/comments?post=2395"}],"wp:featuredmedia":[{"embeddable":true,"href":"https:\/\/test.perek.it\/pl\/wp-json\/wp\/v2\/media\/2391"}],"wp:attachment":[{"href":"https:\/\/test.perek.it\/pl\/wp-json\/wp\/v2\/media?parent=2395"}],"wp:term":[{"taxonomy":"product_brand","embeddable":true,"href":"https:\/\/test.perek.it\/pl\/wp-json\/wp\/v2\/product_brand?post=2395"},{"taxonomy":"product_cat","embeddable":true,"href":"https:\/\/test.perek.it\/pl\/wp-json\/wp\/v2\/product_cat?post=2395"},{"taxonomy":"product_tag","embeddable":true,"href":"https:\/\/test.perek.it\/pl\/wp-json\/wp\/v2\/product_tag?post=2395"}],"curies":[{"name":"wp","href":"https:\/\/api.w.org\/{rel}","templated":true}]}}