{"id":2188,"date":"2022-08-20T18:58:23","date_gmt":"2022-08-20T17:58:23","guid":{"rendered":"https:\/\/perek.it\/product\/sterownik-silnika-krokowego\/"},"modified":"2024-10-18T08:50:20","modified_gmt":"2024-10-18T07:50:20","slug":"sterownik-silnika-krokowego","status":"publish","type":"product","link":"https:\/\/test.perek.it\/pl\/produkt\/sterownik-silnika-krokowego\/","title":{"rendered":"Sterownik Silnika Krokowego"},"content":{"rendered":"<p>Sterownik silnika krokowego mo\u017ce by\u0107 u\u017cyty, aby umo\u017cliwi\u0107 kontrol\u0119 silnika krokowego sterownikowi hamowni serii DC. Sterownik wspiera szerok\u0105 gam\u0119 silnik\u00f3w i jest wyposa\u017cony w funkcje mikro krok\u00f3w.<\/p>\n<p>Specyfikacja:<\/p>\n<ul>\n<li>Wspierane silniki: bipolarne, unipolarne 2, 6, 8 przewodowe<\/li>\n<li>Pr\u0105d silnika: programowany 0.7A &#8211; 4A z automatyczn\u0105 kontrol\u0105<\/li>\n<li>Mikro kroki: 1, 2, 4, 8, 16, 32<\/li>\n<li>Zabezpieczenia: przegrzanie, nadmierny pr\u0105d, zwarcie<\/li>\n<li>Zasilanie: 9 &#8211; 42VDC<\/li>\n<li>Temperatura pracy: -10\u00b0C &#8211; 45\u00b0C<\/li>\n<li>Wilgotno\u015b\u0107 otoczenia: bez kondensacji<\/li>\n<li>Wymiary: 96mm x 28mm x 70mm<\/li>\n<li>Waga: 0.2kg<\/li>\n<\/ul>\n<p>Uwaga: Sterownik nie ma zabezpieczenia na odwrotne pod\u0142\u0105czenie zasilania. Odwrotne pod\u0142\u0105czenie skutkuje natychmiastowym uszkodzeniem sterownika. Konfiguracja:<\/p>\n<ol>\n<li>SETTINGS \/ Dyno \/ Stepper motor\n<ol>\n<li>Nastawi\u0107 po\u017c\u0105dane \u017ar\u00f3d\u0142o pozycji<\/li>\n<li>Ustawi\u0107 pozosta\u0142e parametry adekwatnie do mo\u017cliwo\u015bci silnika krokowego i wymaga\u0144 aplikacji<\/li>\n<\/ol>\n<\/li>\n<li>SETTINGS \/ Dyno \/ PWM low side output \/ 1\n<ol>\n<li>Mode: stepper dir<\/li>\n<\/ol>\n<\/li>\n<li>SETTINGS \/ Dyno \/ PWM low side output \/ 2\n<ol>\n<li>Mode: stepper pulse<\/li>\n<\/ol>\n<\/li>\n<\/ol>\n<p>Uwaga: Nie nale\u017cy ustawia\u0107 wi\u0119cej ni\u017c jednego wyj\u015bcia na tryb &#8222;stepper dir&#8221; i wi\u0119cej ni\u017c jednego na tryb &#8222;stepper pulse&#8221;. W przypadku tego sterownika nie u\u017cywa si\u0119 tryb\u00f3w CW i CCW.<\/p>\n<p>&nbsp;<\/p>\n","protected":false},"excerpt":{"rendered":"<p>Sterownik silnika krokowego do kontroli silnika krokowego przez sterownik hamowni serii DC.<\/p>\n","protected":false},"featured_media":2187,"comment_status":"closed","ping_status":"closed","template":"","meta":[],"product_brand":[],"product_cat":[38],"product_tag":[],"class_list":{"0":"post-2188","1":"product","2":"type-product","3":"status-publish","4":"has-post-thumbnail","6":"product_cat-akcesoria","8":"first","9":"instock","10":"taxable","11":"shipping-taxable","12":"purchasable","13":"product-type-simple"},"_links":{"self":[{"href":"https:\/\/test.perek.it\/pl\/wp-json\/wp\/v2\/product\/2188","targetHints":{"allow":["GET"]}}],"collection":[{"href":"https:\/\/test.perek.it\/pl\/wp-json\/wp\/v2\/product"}],"about":[{"href":"https:\/\/test.perek.it\/pl\/wp-json\/wp\/v2\/types\/product"}],"replies":[{"embeddable":true,"href":"https:\/\/test.perek.it\/pl\/wp-json\/wp\/v2\/comments?post=2188"}],"wp:featuredmedia":[{"embeddable":true,"href":"https:\/\/test.perek.it\/pl\/wp-json\/wp\/v2\/media\/2187"}],"wp:attachment":[{"href":"https:\/\/test.perek.it\/pl\/wp-json\/wp\/v2\/media?parent=2188"}],"wp:term":[{"taxonomy":"product_brand","embeddable":true,"href":"https:\/\/test.perek.it\/pl\/wp-json\/wp\/v2\/product_brand?post=2188"},{"taxonomy":"product_cat","embeddable":true,"href":"https:\/\/test.perek.it\/pl\/wp-json\/wp\/v2\/product_cat?post=2188"},{"taxonomy":"product_tag","embeddable":true,"href":"https:\/\/test.perek.it\/pl\/wp-json\/wp\/v2\/product_tag?post=2188"}],"curies":[{"name":"wp","href":"https:\/\/api.w.org\/{rel}","templated":true}]}}