{"id":2159,"date":"2022-08-10T16:17:27","date_gmt":"2022-08-10T15:17:27","guid":{"rendered":"https:\/\/perek.it\/product\/wtyczka-db9-dla-urzadzen-rs232\/"},"modified":"2022-08-10T16:17:27","modified_gmt":"2022-08-10T15:17:27","slug":"wtyczka-db9-dla-urzadzen-rs232","status":"publish","type":"product","link":"https:\/\/test.perek.it\/pl\/produkt\/wtyczka-db9-dla-urzadzen-rs232\/","title":{"rendered":"Wtyczka DB9 dla urz\u0105dze\u0144 RS232"},"content":{"rendered":"<p>Wtyczka umo\u017cliwiaj\u0105ca wykonanie po\u0142\u0105czenia protoko\u0142em RS232 z urz\u0105dzeniem, kt\u00f3re nie ma standardowego z\u0142\u0105cza DB9.<\/p>\n","protected":false},"excerpt":{"rendered":"<p>Wtyczka DB9 do urz\u0105dze\u0144 RS232<\/p>\n","protected":false},"featured_media":2158,"comment_status":"closed","ping_status":"closed","template":"","meta":[],"product_brand":[],"product_cat":[38],"product_tag":[],"class_list":{"0":"post-2159","1":"product","2":"type-product","3":"status-publish","4":"has-post-thumbnail","6":"product_cat-akcesoria","8":"first","9":"instock","10":"taxable","11":"shipping-taxable","12":"purchasable","13":"product-type-simple"},"_links":{"self":[{"href":"https:\/\/test.perek.it\/pl\/wp-json\/wp\/v2\/product\/2159","targetHints":{"allow":["GET"]}}],"collection":[{"href":"https:\/\/test.perek.it\/pl\/wp-json\/wp\/v2\/product"}],"about":[{"href":"https:\/\/test.perek.it\/pl\/wp-json\/wp\/v2\/types\/product"}],"replies":[{"embeddable":true,"href":"https:\/\/test.perek.it\/pl\/wp-json\/wp\/v2\/comments?post=2159"}],"wp:featuredmedia":[{"embeddable":true,"href":"https:\/\/test.perek.it\/pl\/wp-json\/wp\/v2\/media\/2158"}],"wp:attachment":[{"href":"https:\/\/test.perek.it\/pl\/wp-json\/wp\/v2\/media?parent=2159"}],"wp:term":[{"taxonomy":"product_brand","embeddable":true,"href":"https:\/\/test.perek.it\/pl\/wp-json\/wp\/v2\/product_brand?post=2159"},{"taxonomy":"product_cat","embeddable":true,"href":"https:\/\/test.perek.it\/pl\/wp-json\/wp\/v2\/product_cat?post=2159"},{"taxonomy":"product_tag","embeddable":true,"href":"https:\/\/test.perek.it\/pl\/wp-json\/wp\/v2\/product_tag?post=2159"}],"curies":[{"name":"wp","href":"https:\/\/api.w.org\/{rel}","templated":true}]}}