{"id":2155,"date":"2022-08-10T16:05:00","date_gmt":"2022-08-10T15:05:00","guid":{"rendered":"https:\/\/perek.it\/product\/konwerter-adapter-rs232-na-usb\/"},"modified":"2022-10-29T11:20:47","modified_gmt":"2022-10-29T10:20:47","slug":"konwerter-adapter-rs232-na-usb","status":"publish","type":"product","link":"https:\/\/test.perek.it\/pl\/produkt\/konwerter-adapter-rs232-na-usb\/","title":{"rendered":"Konwerter adapter RS232 na USB"},"content":{"rendered":"<p>Wysokiej jako\u015bci konwerter RS-232 do kontroler\u00f3w hamowni.<\/p>\n<p>Z tym adapterem mo\u017cna wraz z danymi z hamowni logowa\u0107 dane z urz\u0105dze\u0144 wyposa\u017conych w protok\u00f3\u0142 RS232.<\/p>\n<p>Przyk\u0142adowe urz\u0105dzenia, kt\u00f3re mog\u0105 by\u0107 pod\u0142\u0105czone przez ten adapter to:<\/p>\n<ul>\n<li>Samochodowe interfejsy diagnostyczne<\/li>\n<li>Analizatory spalin<\/li>\n<li>inne urz\u0105dzenia wyposa\u017cone w z\u0142\u0105cze RS232<\/li>\n<\/ul>\n<p>Specyfikacja:<\/p>\n<ul>\n<li>Uk\u0142ad Prolific PL-2303<\/li>\n<li>Z\u0142\u0105cze DB9<\/li>\n<li>Pr\u0119dko\u015b\u0107 transmisji do 250kbps<\/li>\n<li>D\u0142ugo\u015b\u0107 przewodu: 140cm<\/li>\n<\/ul>\n","protected":false},"excerpt":{"rendered":"<p>Wysokiej jako\u015bci adapter RS232 na USB do sterownik\u00f3w hamowni.<\/p>\n","protected":false},"featured_media":2154,"comment_status":"closed","ping_status":"closed","template":"","meta":[],"product_brand":[],"product_cat":[38],"product_tag":[],"class_list":{"0":"post-2155","1":"product","2":"type-product","3":"status-publish","4":"has-post-thumbnail","6":"product_cat-akcesoria","8":"first","9":"instock","10":"taxable","11":"shipping-taxable","12":"purchasable","13":"product-type-simple"},"_links":{"self":[{"href":"https:\/\/test.perek.it\/pl\/wp-json\/wp\/v2\/product\/2155","targetHints":{"allow":["GET"]}}],"collection":[{"href":"https:\/\/test.perek.it\/pl\/wp-json\/wp\/v2\/product"}],"about":[{"href":"https:\/\/test.perek.it\/pl\/wp-json\/wp\/v2\/types\/product"}],"replies":[{"embeddable":true,"href":"https:\/\/test.perek.it\/pl\/wp-json\/wp\/v2\/comments?post=2155"}],"wp:featuredmedia":[{"embeddable":true,"href":"https:\/\/test.perek.it\/pl\/wp-json\/wp\/v2\/media\/2154"}],"wp:attachment":[{"href":"https:\/\/test.perek.it\/pl\/wp-json\/wp\/v2\/media?parent=2155"}],"wp:term":[{"taxonomy":"product_brand","embeddable":true,"href":"https:\/\/test.perek.it\/pl\/wp-json\/wp\/v2\/product_brand?post=2155"},{"taxonomy":"product_cat","embeddable":true,"href":"https:\/\/test.perek.it\/pl\/wp-json\/wp\/v2\/product_cat?post=2155"},{"taxonomy":"product_tag","embeddable":true,"href":"https:\/\/test.perek.it\/pl\/wp-json\/wp\/v2\/product_tag?post=2155"}],"curies":[{"name":"wp","href":"https:\/\/api.w.org\/{rel}","templated":true}]}}