{"id":2040,"date":"2022-06-12T08:31:50","date_gmt":"2022-06-12T07:31:50","guid":{"rendered":"https:\/\/perek.it\/product\/czujnik-cisnienia\/"},"modified":"2022-06-12T08:42:22","modified_gmt":"2022-06-12T07:42:22","slug":"czujnik-cisnienia","status":"publish","type":"product","link":"https:\/\/test.perek.it\/pl\/produkt\/czujnik-cisnienia\/","title":{"rendered":"Czujnik ci\u015bnienia"},"content":{"rendered":"<p>Solidny, nierdzewny czujnik ci\u015bnienia bezwzgl\u0119dnego. Mo\u017ce by\u0107 u\u017cyty do pomiaru ci\u015bnienia cieczy lub powietrza.<br data-mce-bogus=\"1\"><\/p>\n<p>Wtyczka i terminale w komplecie.<br data-mce-bogus=\"1\"><\/p>\n<ul>\n<li>Obudowa: stal nierdzewna<br data-mce-bogus=\"1\"><\/li>\n<li>Marka: Honeywell<br data-mce-bogus=\"1\"><\/li>\n<li>Dok\u0142adno\u015b\u0107: 0.75%<br data-mce-bogus=\"1\"><\/li>\n<li>Temperatura pracy:  -40\u00b0C &#8211; 125\u00b0C<br data-mce-bogus=\"1\"><\/li>\n<li>Wyj\u015bcie: ratiometryczne, 0.5V &#8211; 4.5V<br data-mce-bogus=\"1\"><\/li>\n<li>Napi\u0119cie zasilania: 5V (odporny na przej\u015bciowe napi\u0119cia do 40V)<br data-mce-bogus=\"1\"><\/li>\n<li>Zabezpieczenie przed zwarciem i niepoprawnym pod\u0142\u0105czeniem<br data-mce-bogus=\"1\"><\/li>\n<li>Szczelno\u015b\u0107: IP67<br data-mce-bogus=\"1\"><\/li>\n<li>Przy\u0142\u0105cze: gwint G1\/4 A-G (ISO 1179-3) z uszczelk\u0105 o-ring<\/li>\n<li>Ci\u015bnienie nominalne: 6bar<\/li>\n<li>Ci\u015bnienie pracy: 24bar<\/li>\n<li>Wytrzyma\u0142o\u015b\u0107 mechaniczna: 207bar<\/li>\n<li>Kalibracja:\n<ul>\n<li>0.5V: 0 bar bezwzgl\u0119dne<\/li>\n<li>4.5V: 6 bar bezwzgl\u0119dne<\/li>\n<\/ul>\n<\/li>\n<li>Kompatybilne media: woda, p\u0142yny hydrauliczne, powietrze, olej, benzyna, para wodna, czynniki ch\u0142odnicze, paliwa, oleje silnikowe, p\u0142yn hamulcowy, ch\u0142odziwa, CNG<\/li>\n<\/ul>\n","protected":false},"excerpt":{"rendered":"<p>Solidny czujnik ci\u015bnienia Honeywell, kompatybilny z p\u0142ynami samochodowymi i powietrzem.<br data-mce-bogus=\"1\"><\/p>\n<p>Zakres ci\u015bnienia: 6 bar<br \/>Napi\u0119cie zasilania: 5 V<br data-mce-bogus=\"1\"><\/p>\n","protected":false},"featured_media":2033,"comment_status":"closed","ping_status":"closed","template":"","meta":[],"product_brand":[],"product_cat":[37],"product_tag":[],"class_list":{"0":"post-2040","1":"product","2":"type-product","3":"status-publish","4":"has-post-thumbnail","6":"product_cat-czujniki","8":"first","9":"instock","10":"taxable","11":"shipping-taxable","12":"purchasable","13":"product-type-simple"},"_links":{"self":[{"href":"https:\/\/test.perek.it\/pl\/wp-json\/wp\/v2\/product\/2040","targetHints":{"allow":["GET"]}}],"collection":[{"href":"https:\/\/test.perek.it\/pl\/wp-json\/wp\/v2\/product"}],"about":[{"href":"https:\/\/test.perek.it\/pl\/wp-json\/wp\/v2\/types\/product"}],"replies":[{"embeddable":true,"href":"https:\/\/test.perek.it\/pl\/wp-json\/wp\/v2\/comments?post=2040"}],"wp:featuredmedia":[{"embeddable":true,"href":"https:\/\/test.perek.it\/pl\/wp-json\/wp\/v2\/media\/2033"}],"wp:attachment":[{"href":"https:\/\/test.perek.it\/pl\/wp-json\/wp\/v2\/media?parent=2040"}],"wp:term":[{"taxonomy":"product_brand","embeddable":true,"href":"https:\/\/test.perek.it\/pl\/wp-json\/wp\/v2\/product_brand?post=2040"},{"taxonomy":"product_cat","embeddable":true,"href":"https:\/\/test.perek.it\/pl\/wp-json\/wp\/v2\/product_cat?post=2040"},{"taxonomy":"product_tag","embeddable":true,"href":"https:\/\/test.perek.it\/pl\/wp-json\/wp\/v2\/product_tag?post=2040"}],"curies":[{"name":"wp","href":"https:\/\/api.w.org\/{rel}","templated":true}]}}