{"id":1997,"date":"2022-05-21T10:59:03","date_gmt":"2022-05-21T09:59:03","guid":{"rendered":"https:\/\/perek.it\/product\/przedluzacz-obd\/"},"modified":"2023-06-01T10:53:45","modified_gmt":"2023-06-01T09:53:45","slug":"przedluzacz-obd","status":"publish","type":"product","link":"https:\/\/test.perek.it\/pl\/produkt\/przedluzacz-obd\/","title":{"rendered":"Przed\u0142u\u017cacz OBD"},"content":{"rendered":"<p>Przed\u0142u\u017cacz OBD mo\u017ce zosta\u0107 u\u017cyty wraz z interfejsem OBD &#8211; Bluetooth, aby umie\u015bci\u0107 go w bardziej eksponowanej lokalizacji dla poprawy zasi\u0119gu i stabilno\u015bci po\u0142\u0105czenia.<\/p>\n<ul>\n<li>16-pinowy wtyk i gniazdo<\/li>\n<li>d\u0142ugo\u015b\u0107: 115cm<\/li>\n<\/ul>\n","protected":false},"excerpt":{"rendered":"<p>Przed\u0142u\u017cacz z\u0142\u0105cza OBD o d\u0142ugo\u015bci 115cm.<\/p>\n","protected":false},"featured_media":2958,"comment_status":"closed","ping_status":"closed","template":"","meta":[],"product_brand":[],"product_cat":[38],"product_tag":[],"class_list":{"0":"post-1997","1":"product","2":"type-product","3":"status-publish","4":"has-post-thumbnail","6":"product_cat-akcesoria","8":"first","9":"instock","10":"taxable","11":"shipping-taxable","12":"purchasable","13":"product-type-simple"},"_links":{"self":[{"href":"https:\/\/test.perek.it\/pl\/wp-json\/wp\/v2\/product\/1997","targetHints":{"allow":["GET"]}}],"collection":[{"href":"https:\/\/test.perek.it\/pl\/wp-json\/wp\/v2\/product"}],"about":[{"href":"https:\/\/test.perek.it\/pl\/wp-json\/wp\/v2\/types\/product"}],"replies":[{"embeddable":true,"href":"https:\/\/test.perek.it\/pl\/wp-json\/wp\/v2\/comments?post=1997"}],"wp:featuredmedia":[{"embeddable":true,"href":"https:\/\/test.perek.it\/pl\/wp-json\/wp\/v2\/media\/2958"}],"wp:attachment":[{"href":"https:\/\/test.perek.it\/pl\/wp-json\/wp\/v2\/media?parent=1997"}],"wp:term":[{"taxonomy":"product_brand","embeddable":true,"href":"https:\/\/test.perek.it\/pl\/wp-json\/wp\/v2\/product_brand?post=1997"},{"taxonomy":"product_cat","embeddable":true,"href":"https:\/\/test.perek.it\/pl\/wp-json\/wp\/v2\/product_cat?post=1997"},{"taxonomy":"product_tag","embeddable":true,"href":"https:\/\/test.perek.it\/pl\/wp-json\/wp\/v2\/product_tag?post=1997"}],"curies":[{"name":"wp","href":"https:\/\/api.w.org\/{rel}","templated":true}]}}