{"id":1848,"date":"2022-03-31T19:38:38","date_gmt":"2022-03-31T18:38:37","guid":{"rendered":"https:\/\/perek.it\/?post_type=product&#038;p=1848"},"modified":"2024-06-09T15:07:13","modified_gmt":"2024-06-09T14:07:13","slug":"kabel-zasilajacy-c13","status":"publish","type":"product","link":"https:\/\/test.perek.it\/pl\/produkt\/kabel-zasilajacy-c13\/","title":{"rendered":"Kabel zasilaj\u0105cy C13 &#8211; CEE 7 \/ 7"},"content":{"rendered":"<p>Kabel zasilaj\u0105cy do u\u017cycia ze sterownikami serii DC &#8211; wersja europejska.<\/p>\n<ul>\n<li>Wtyk 1: C13<\/li>\n<li>Wtyk 2: CEE 7\/7 &#8211; do gniazdek w wi\u0119kszo\u015bci Europy<\/li>\n<li>D\u0142ugo\u015b\u0107 1.5m<\/li>\n<\/ul>\n","protected":false},"excerpt":{"rendered":"<p>Kabel zasilaj\u0105cy C13 &#8211; CEE 7\/7.<\/p>\n","protected":false},"featured_media":1862,"comment_status":"closed","ping_status":"closed","template":"","meta":[],"product_brand":[],"product_cat":[38],"product_tag":[],"class_list":{"0":"post-1848","1":"product","2":"type-product","3":"status-publish","4":"has-post-thumbnail","6":"product_cat-akcesoria","8":"first","9":"instock","10":"taxable","11":"shipping-taxable","12":"purchasable","13":"product-type-simple"},"_links":{"self":[{"href":"https:\/\/test.perek.it\/pl\/wp-json\/wp\/v2\/product\/1848","targetHints":{"allow":["GET"]}}],"collection":[{"href":"https:\/\/test.perek.it\/pl\/wp-json\/wp\/v2\/product"}],"about":[{"href":"https:\/\/test.perek.it\/pl\/wp-json\/wp\/v2\/types\/product"}],"replies":[{"embeddable":true,"href":"https:\/\/test.perek.it\/pl\/wp-json\/wp\/v2\/comments?post=1848"}],"wp:featuredmedia":[{"embeddable":true,"href":"https:\/\/test.perek.it\/pl\/wp-json\/wp\/v2\/media\/1862"}],"wp:attachment":[{"href":"https:\/\/test.perek.it\/pl\/wp-json\/wp\/v2\/media?parent=1848"}],"wp:term":[{"taxonomy":"product_brand","embeddable":true,"href":"https:\/\/test.perek.it\/pl\/wp-json\/wp\/v2\/product_brand?post=1848"},{"taxonomy":"product_cat","embeddable":true,"href":"https:\/\/test.perek.it\/pl\/wp-json\/wp\/v2\/product_cat?post=1848"},{"taxonomy":"product_tag","embeddable":true,"href":"https:\/\/test.perek.it\/pl\/wp-json\/wp\/v2\/product_tag?post=1848"}],"curies":[{"name":"wp","href":"https:\/\/api.w.org\/{rel}","templated":true}]}}