{"id":1196,"date":"2021-07-08T11:33:07","date_gmt":"2021-07-08T10:33:07","guid":{"rendered":"https:\/\/perek.it\/?post_type=product&#038;p=1196"},"modified":"2023-09-10T14:14:54","modified_gmt":"2023-09-10T13:14:54","slug":"adapter-indukcyjnego-czujnika-obrotow-vri1","status":"publish","type":"product","link":"https:\/\/test.perek.it\/pl\/produkt\/adapter-indukcyjnego-czujnika-obrotow-vri1\/","title":{"rendered":"Adapter indukcyjnego czujnika obrot\u00f3w VRI1"},"content":{"rendered":"<ul>\n<li>Napi\u0119cie zasilania: 4.9V &#8211; 15V<\/li>\n<li>Wyj\u015bcie: 20mA, open collector + pullup 10kOhm, 5V<\/li>\n<li>Wej\u015bcie czujnika:\n<ul>\n<li>Napi\u0119cie do 50VAC sinus, 250V chwilowe<\/li>\n<li>Wej\u015bcie r\u00f3\u017cnicowe<\/li>\n<li><strong>Adaptacyjny pr\u00f3g uzbrojenia<\/strong><\/li>\n<li>Zakres cz\u0119stotliwo\u015bci: 10Hz &#8211; 15kHz<\/li>\n<\/ul>\n<\/li>\n<\/ul>\n<p>W zestawie komplet wtyczek.<\/p>\n<p>Do adaptacji czujnik\u00f3w VR ze starszych hamowni zalecane jest u\u017cycie adaptera VRI2 z r\u0119cznie ustawianym progiem uzbrojenia.<\/p>\n","protected":false},"excerpt":{"rendered":"<p>Adapter zamieniaj\u0105cy analogowy sygna\u0142 indukcyjnego czujnika pr\u0119dko\u015bci obrotowej (VR sensor), wsp\u00f3\u0142pracuj\u0105cego z ko\u0142em z\u0119batym, na sygna\u0142 cyfrowy kompatybilny z wej\u015bciami obs\u0142uguj\u0105cymi czujniki typu Halla i sygna\u0142 cyfrowy.<\/p>\n<p>Za pomoc\u0105 adaptera mo\u017cliwe jest pod\u0142\u0105czenie indukcyjnego czujnika pr\u0119dko\u015bci obrotowej rolki do wej\u015b\u0107\u00a0<strong>Freq input<\/strong>\u00a0sterownik\u00f3w serii DC1.<\/p>\n<p>Adapter nie s\u0142u\u017cy do pod\u0142\u0105czenia czujnika pr\u0119dko\u015bci obrotowej silnika CS1 \/ CS2.<\/p>\n","protected":false},"featured_media":1197,"comment_status":"closed","ping_status":"closed","template":"","meta":[],"product_brand":[],"product_cat":[28],"product_tag":[],"class_list":{"0":"post-1196","1":"product","2":"type-product","3":"status-publish","4":"has-post-thumbnail","6":"product_cat-perek","8":"first","9":"instock","10":"taxable","11":"shipping-taxable","12":"purchasable","13":"product-type-simple"},"_links":{"self":[{"href":"https:\/\/test.perek.it\/pl\/wp-json\/wp\/v2\/product\/1196","targetHints":{"allow":["GET"]}}],"collection":[{"href":"https:\/\/test.perek.it\/pl\/wp-json\/wp\/v2\/product"}],"about":[{"href":"https:\/\/test.perek.it\/pl\/wp-json\/wp\/v2\/types\/product"}],"replies":[{"embeddable":true,"href":"https:\/\/test.perek.it\/pl\/wp-json\/wp\/v2\/comments?post=1196"}],"wp:featuredmedia":[{"embeddable":true,"href":"https:\/\/test.perek.it\/pl\/wp-json\/wp\/v2\/media\/1197"}],"wp:attachment":[{"href":"https:\/\/test.perek.it\/pl\/wp-json\/wp\/v2\/media?parent=1196"}],"wp:term":[{"taxonomy":"product_brand","embeddable":true,"href":"https:\/\/test.perek.it\/pl\/wp-json\/wp\/v2\/product_brand?post=1196"},{"taxonomy":"product_cat","embeddable":true,"href":"https:\/\/test.perek.it\/pl\/wp-json\/wp\/v2\/product_cat?post=1196"},{"taxonomy":"product_tag","embeddable":true,"href":"https:\/\/test.perek.it\/pl\/wp-json\/wp\/v2\/product_tag?post=1196"}],"curies":[{"name":"wp","href":"https:\/\/api.w.org\/{rel}","templated":true}]}}