{"id":1024,"date":"2021-05-25T08:38:26","date_gmt":"2021-05-25T07:38:26","guid":{"rendered":"https:\/\/perek.it\/product\/dodatkowy-czujnik-temperatury-do-sterownikow-hamowni\/"},"modified":"2024-05-02T14:55:13","modified_gmt":"2024-05-02T13:55:13","slug":"czujnik-temperatury-do-sterownikow-hamowni","status":"publish","type":"product","link":"https:\/\/test.perek.it\/pl\/produkt\/czujnik-temperatury-do-sterownikow-hamowni\/","title":{"rendered":"Czujnik temperatury do sterownik\u00f3w hamowni"},"content":{"rendered":"<p>Czujnik temperatury mo\u017ce zosta\u0107 zastosowany do pomiaru temperatury otoczenia. Temperatur\u0119 mierzon\u0105 czujnikiem mo\u017cna wykorzysta\u0107 do obliczania korekcji mocy silnika. Czujnik mo\u017ce by\u0107 wykorzystywany do pomiaru temperatury powietrza w dolocie silnika lub dowolnej temperatury w zakresie -40\u2103 \u00f7 125\u2103. Rezystor czujnika jest dobrany dla najlepszej dok\u0142adno\u015bci pomiaru w temperaturze 25\u00b0C. Czujnik wyposa\u017cony jest w wysokiej jako\u015bci pod\u0142\u0105czeniowy przew\u00f3d teflonowy odporny na wysokie temperatury i oleje.<\/p>\n<p>Czujnik zako\u0144czony jest wtyczk\u0105 kompatybiln\u0105 ze sterownikami serii DC i mo\u017ce zosta\u0107 wpi\u0119ty bezpo\u015brednio do jednego z wej\u015b\u0107 analogowych (Analog Input) sterownika.<\/p>\n<p>Aby skonfigurowa\u0107 czujnik, wejd\u017a do <strong>SETTINGS\/Dyno\/Analog Input <\/strong>i:<\/p>\n<ul>\n<li>Wybierz <strong>Quantity: temperature<\/strong><\/li>\n<li>Kliknij <strong>Temperature Sensor Wizard<\/strong>\n<ul>\n<li>Wybierz <strong>Sensor type: NTC<\/strong><\/li>\n<li>Wybierz <strong>Preset: PEREK TS1 temperature sensor<\/strong><\/li>\n<li>Kliknij <strong>OK,<\/strong> aby zapisa\u0107 charakterystyk\u0119<\/li>\n<\/ul>\n<\/li>\n<\/ul>\n<p>Aby wykorzysta\u0107 czujnik do korekcji mocy, nale\u017cy dodatkowo wybra\u0107 go w <strong>SETTINGS \/ Power correction<\/strong> jako \u017ar\u00f3d\u0142o temperatury (<strong>Temperature source<\/strong>).<\/p>\n<table>\n<tbody>\n<tr>\n<td>Zakres temperatury<\/td>\n<td>-40\u2103 \u00f7 125\u2103<\/td>\n<\/tr>\n<tr>\n<td>Typ czujnika<\/td>\n<td>Termistor NTC \u00b11%, 10kOhm@25\u2103 z rezystorem 10kOhm 0.1%<\/td>\n<\/tr>\n<tr>\n<td>B\u0142\u0105d samonagrzewania w stoj\u0105cym powietrzu<\/td>\n<td>+0.4\u2103<\/td>\n<\/tr>\n<tr>\n<td>Dok\u0142adno\u015b\u0107 dla zakresu<br \/>\n10\u2103 \u00f7 50\u2103<\/td>\n<td>\u00b11\u2103<\/td>\n<\/tr>\n<\/tbody>\n<\/table>\n","protected":false},"excerpt":{"rendered":"<p>Czujnik temperatury typu NTC ze wbudowanym rezystorem, do og\u00f3lnego stosowania w pomiarze temperatury powietrza.<\/p>\n","protected":false},"featured_media":1023,"comment_status":"closed","ping_status":"closed","template":"","meta":[],"product_brand":[],"product_cat":[37],"product_tag":[],"class_list":{"0":"post-1024","1":"product","2":"type-product","3":"status-publish","4":"has-post-thumbnail","6":"product_cat-czujniki","8":"first","9":"instock","10":"taxable","11":"shipping-taxable","12":"purchasable","13":"product-type-variable"},"_links":{"self":[{"href":"https:\/\/test.perek.it\/pl\/wp-json\/wp\/v2\/product\/1024","targetHints":{"allow":["GET"]}}],"collection":[{"href":"https:\/\/test.perek.it\/pl\/wp-json\/wp\/v2\/product"}],"about":[{"href":"https:\/\/test.perek.it\/pl\/wp-json\/wp\/v2\/types\/product"}],"replies":[{"embeddable":true,"href":"https:\/\/test.perek.it\/pl\/wp-json\/wp\/v2\/comments?post=1024"}],"wp:featuredmedia":[{"embeddable":true,"href":"https:\/\/test.perek.it\/pl\/wp-json\/wp\/v2\/media\/1023"}],"wp:attachment":[{"href":"https:\/\/test.perek.it\/pl\/wp-json\/wp\/v2\/media?parent=1024"}],"wp:term":[{"taxonomy":"product_brand","embeddable":true,"href":"https:\/\/test.perek.it\/pl\/wp-json\/wp\/v2\/product_brand?post=1024"},{"taxonomy":"product_cat","embeddable":true,"href":"https:\/\/test.perek.it\/pl\/wp-json\/wp\/v2\/product_cat?post=1024"},{"taxonomy":"product_tag","embeddable":true,"href":"https:\/\/test.perek.it\/pl\/wp-json\/wp\/v2\/product_tag?post=1024"}],"curies":[{"name":"wp","href":"https:\/\/api.w.org\/{rel}","templated":true}]}}