{"id":1020,"date":"2021-05-24T19:46:42","date_gmt":"2021-05-24T18:46:42","guid":{"rendered":"https:\/\/perek.it\/product\/glowka-ciegla\/"},"modified":"2025-02-28T11:06:58","modified_gmt":"2025-02-28T10:06:58","slug":"glowka-ciegla","status":"publish","type":"product","link":"https:\/\/test.perek.it\/pl\/produkt\/glowka-ciegla\/","title":{"rendered":"G\u0142\u00f3wka ci\u0119g\u0142a"},"content":{"rendered":"<p>Bezobs\u0142ugowa, samo-smarowna g\u0142\u00f3wka ci\u0119g\u0142a do u\u017cycia przy instalacji tensometru typu S.<br \/>\nPara \u015blizgowa: stal \/ bronz &#8211; PTFE<\/p>\n<p><strong>Wersja standardowa<\/strong><\/p>\n<table style=\"white-space: nowrap;\">\n<tbody>\n<tr>\n<td>Model<\/td>\n<td>SA 8 T\/K<\/td>\n<td>SA 12 T\/K<\/td>\n<td>SA 16 T\/K<\/td>\n<\/tr>\n<tr>\n<td>Gwint<\/td>\n<td>M8x1.25<\/td>\n<td>M12x1.75<\/td>\n<td>M16x2.00<\/td>\n<\/tr>\n<tr>\n<td>Otw\u00f3r przelotowy<\/td>\n<td>8mm<\/td>\n<td>12mm<\/td>\n<td>16mm<\/td>\n<\/tr>\n<tr>\n<td>Dopuszczalne obci\u0105\u017cenie dynamiczne<\/td>\n<td>8kN<\/td>\n<td>17kN<\/td>\n<td>28kN<\/td>\n<\/tr>\n<tr>\n<td>Dopuszczalne obci\u0105\u017cenie statyczne<\/td>\n<td>12kN<\/td>\n<td>24kN<\/td>\n<td>39kN<\/td>\n<\/tr>\n<\/tbody>\n<\/table>\n<p>&nbsp;<\/p>\n<p><strong>Zwi\u0119kszona precyzja i \u017cywotno\u015b\u0107 DURBAL produkowane w Niemczech<\/strong><\/p>\n<table style=\"white-space: nowrap;\">\n<tbody>\n<tr>\n<td>Model<\/td>\n<td>DSA 8 T\/K<\/td>\n<td>DSA 12 T\/K<\/td>\n<td>DSA 16 T\/K<\/td>\n<\/tr>\n<tr>\n<td>Gwint<\/td>\n<td>M8x1.25<\/td>\n<td>M12x1.75<\/td>\n<td>M16x2.00<\/td>\n<\/tr>\n<tr>\n<td>Otw\u00f3r przelotowy<\/td>\n<td>8mm<\/td>\n<td>12mm<\/td>\n<td>16mm<\/td>\n<\/tr>\n<tr>\n<td>Dopuszczalne obci\u0105\u017cenie dynamiczne<\/td>\n<td>6kN<\/td>\n<td>11kN<\/td>\n<td>18kN<\/td>\n<\/tr>\n<tr>\n<td>Dopuszczalne obci\u0105\u017cenie statyczne<\/td>\n<td>10kN<\/td>\n<td>19kN<\/td>\n<td>31kN<\/td>\n<\/tr>\n<\/tbody>\n<\/table>\n<p>&nbsp;<\/p>\n","protected":false},"excerpt":{"rendered":"<p>G\u0142\u00f3wka ci\u0119g\u0142a do u\u017cycia przy instalacji tensometru typu S<\/p>\n","protected":false},"featured_media":1010,"comment_status":"closed","ping_status":"closed","template":"","meta":[],"product_brand":[],"product_cat":[38,37],"product_tag":[],"class_list":{"0":"post-1020","1":"product","2":"type-product","3":"status-publish","4":"has-post-thumbnail","6":"product_cat-akcesoria","7":"product_cat-czujniki","9":"first","10":"instock","11":"taxable","12":"shipping-taxable","13":"purchasable","14":"product-type-variable"},"_links":{"self":[{"href":"https:\/\/test.perek.it\/pl\/wp-json\/wp\/v2\/product\/1020","targetHints":{"allow":["GET"]}}],"collection":[{"href":"https:\/\/test.perek.it\/pl\/wp-json\/wp\/v2\/product"}],"about":[{"href":"https:\/\/test.perek.it\/pl\/wp-json\/wp\/v2\/types\/product"}],"replies":[{"embeddable":true,"href":"https:\/\/test.perek.it\/pl\/wp-json\/wp\/v2\/comments?post=1020"}],"wp:featuredmedia":[{"embeddable":true,"href":"https:\/\/test.perek.it\/pl\/wp-json\/wp\/v2\/media\/1010"}],"wp:attachment":[{"href":"https:\/\/test.perek.it\/pl\/wp-json\/wp\/v2\/media?parent=1020"}],"wp:term":[{"taxonomy":"product_brand","embeddable":true,"href":"https:\/\/test.perek.it\/pl\/wp-json\/wp\/v2\/product_brand?post=1020"},{"taxonomy":"product_cat","embeddable":true,"href":"https:\/\/test.perek.it\/pl\/wp-json\/wp\/v2\/product_cat?post=1020"},{"taxonomy":"product_tag","embeddable":true,"href":"https:\/\/test.perek.it\/pl\/wp-json\/wp\/v2\/product_tag?post=1020"}],"curies":[{"name":"wp","href":"https:\/\/api.w.org\/{rel}","templated":true}]}}