{"id":79,"date":"2020-08-16T19:35:01","date_gmt":"2020-08-16T18:35:01","guid":{"rendered":"http:\/\/wp.perek.it\/?page_id=79"},"modified":"2024-06-29T20:11:42","modified_gmt":"2024-06-29T19:11:42","slug":"oprogramowanie-hamowni-dyno2","status":"publish","type":"page","link":"https:\/\/test.perek.it\/pl\/oprogramowanie-hamowni-dyno2\/","title":{"rendered":"Oprogramowanie hamowni Dyno2"},"content":{"rendered":"\n<p><a href=\"https:\/\/api.perek.it\/dyno2\/updates\/\" target=\"_blank\" rel=\"noreferrer noopener\">AKTUALIZACJE OPROGRAMOWANIA<\/a><\/p>\n\n\n\n<p>Oprogramowanie Dyno2 zosta\u0142o stworzone, aby sprosta\u0107 szerokiej rzeszy u\u017cytkownik\u00f3w. Nadaje si\u0119 zar\u00f3wno do przeprowadzania wielogodzinnych test\u00f3w niezawodno\u015bci silnika, jak i do kr\u00f3tkiego pomiaru maj\u0105cego na celu \u0142atwe wyznaczenie charakterystyki silnika. Kluczowym aspektem jest uniwersalno\u015b\u0107. Tworzymy Dyno2 tak aby mog\u0142o obs\u0142u\u017cy\u0107 wszystkie typy hamowni z r\u00f3\u017cnorodnym osprz\u0119tem. Wszystkie systemy zaprojektowane s\u0105 transparentnie i pozwalaj\u0105 u\u017cytkownikowi na wprowadzenie w\u0142asnych ustawie\u0144.<\/p>\n\n\n\n<p>Oprogramowanie dostarczane jest darmowo wraz ze sterownikiem DC1.<\/p>\n\n\n\n<p>Kluczowe zalety Dyno2 to:<\/p>\n\n\n\n<ul class=\"wp-block-list\">\n<li>Wsparcie dla wielu rodzaj\u00f3w hamowni &#8211; silnikowe, podwoziowe, inercyjne, obci\u0105\u017ceniowe<\/li>\n\n\n\n<li>Programowalne sekwencje testowe dla utrzymywania obrot\u00f3w silnika i sterowania przepustnic\u0105 we wsp\u00f3\u0142pracy ze sterownikiem silnika Ecumaster EMU Black<\/li>\n\n\n\n<li>Wsparcie hamowni z jedn\u0105 lub dwiema osiami z mechaniczn\u0105 synchronizacj\u0105 osi<\/li>\n\n\n\n<li>Wsparcie do 4 hamulc\u00f3w elektrowirowych &#8211; 2 hamulce na o\u015b<\/li>\n\n\n\n<li>Wbudowany czujnik warunk\u00f3w otoczenia (temperatura, ci\u015bnienie, wilgotno\u015b\u0107) dla wprowadzania korekcji mocy<\/li>\n\n\n\n<li>Wsparcie dla interfejsu OBD przez Bluetooth lub USB<\/li>\n\n\n\n<li>W pe\u0142ni konfigurowalne oprogramowanie u\u0142atwiaj\u0105ce wsp\u00f3\u0142prac\u0119 z dowoln\u0105 hamowni\u0105<\/li>\n\n\n\n<li>Narz\u0119dzia u\u0142atwiaj\u0105ce kalibracje tensometr\u00f3w, bezw\u0142adno\u015bci rolek oraz kontroli hamulca<\/li>\n\n\n\n<li>Elastyczne charakterystyki do konwersji sygna\u0142\u00f3w analogowych na warto\u015bci fizyczne<\/li>\n\n\n\n<li>Dowolny wyb\u00f3r jednostek fizycznych &#8211; metrycznych oraz calowych<\/li>\n\n\n\n<li>Podgl\u0105d parametr\u00f3w pracy hamowni oraz rysowanie wykres\u00f3w w czasie rzeczywistym<\/li>\n\n\n\n<li>Wykresy zale\u017cno\u015bci pomi\u0119dzy parametrami &#8211; np. moc silnika w funkcji k\u0105ta zap\u0142onu<\/li>\n\n\n\n<li>Elastyczne tryby kontroli hamulca: sta\u0142a moc, blokada obrot\u00f3w, limit przyrostu obrot\u00f3w, sekwencje testowe<\/li>\n\n\n\n<li>Mo\u017cliwo\u015b\u0107 regulacji wyg\u0142adzania wykres\u00f3w przez u\u017cytkownika<\/li>\n\n\n\n<li>Nieograniczone mo\u017cliwo\u015bci por\u00f3wnywania wynik\u00f3w pomiar\u00f3w<\/li>\n\n\n\n<li>\u0141atwe zarz\u0105dzanie projektami i pomiarami<\/li>\n\n\n\n<li>Pomiary zapisywane w formacie HDF umo\u017cliwiaj\u0105cym analiz\u0119 danych w zewn\u0119trznym oprogramowaniu np. MATLAB<\/li>\n\n\n\n<li>Mo\u017cliwo\u015b\u0107 eksportu danych do formatu CSV (Excel).<\/li>\n\n\n\n<li>Programowalny odczyt danych z magistrali CAN<\/li>\n\n\n\n<li>Programowalny eksport danych na magistral\u0119 CAN<\/li>\n\n\n\n<li>Mo\u017cliwo\u015b\u0107 rozszerzania funkcjonalno\u015bci urz\u0105dzenia poprzez modu\u0142y po\u0142\u0105czone magistral\u0105 CAN &#8211; np. kontrolery sondy szerokopasmowej<\/li>\n\n\n\n<li>Programowalna logika sterowania wyj\u015bciami urz\u0105dzenia na podstawie wszystkich dost\u0119pnych danych<\/li>\n<\/ul>\n\n\n\n<p>Wi\u0119cej aktualnych danych o oprogramowaniu i urz\u0105dzeniach mo\u017cna znale\u017a\u0107 w sekcji <a href=\"\/?page_id=412\">Help<\/a>.<\/p>\n\n\n\n<figure class=\"wp-block-image size-large\"><img loading=\"lazy\" decoding=\"async\" width=\"723\" height=\"1024\" src=\"https:\/\/perek.it\/wp-content\/uploads\/2023\/02\/certificate-page-1-1-723x1024.png\" alt=\"\" class=\"wp-image-2810\" srcset=\"https:\/\/test.perek.it\/wp-content\/uploads\/2023\/02\/certificate-page-1-1-723x1024.png 723w, https:\/\/test.perek.it\/wp-content\/uploads\/2023\/02\/certificate-page-1-1-212x300.png 212w, https:\/\/test.perek.it\/wp-content\/uploads\/2023\/02\/certificate-page-1-1-768x1088.png 768w, https:\/\/test.perek.it\/wp-content\/uploads\/2023\/02\/certificate-page-1-1-1084x1536.png 1084w, https:\/\/test.perek.it\/wp-content\/uploads\/2023\/02\/certificate-page-1-1-450x638.png 450w, https:\/\/test.perek.it\/wp-content\/uploads\/2023\/02\/certificate-page-1-1-423x600.png 423w, https:\/\/test.perek.it\/wp-content\/uploads\/2023\/02\/certificate-page-1-1.png 1161w\" sizes=\"auto, (max-width: 723px) 100vw, 723px\" \/><figcaption class=\"wp-element-caption\">Certyfikat tuningu z oprogramowania hamowni<\/figcaption><\/figure>\n\n\n\n<figure class=\"wp-block-image size-large\"><img loading=\"lazy\" decoding=\"async\" width=\"723\" height=\"1024\" src=\"https:\/\/perek.it\/wp-content\/uploads\/2023\/02\/certificate-page-2-1-723x1024.png\" alt=\"\" class=\"wp-image-2813\" srcset=\"https:\/\/test.perek.it\/wp-content\/uploads\/2023\/02\/certificate-page-2-1-723x1024.png 723w, https:\/\/test.perek.it\/wp-content\/uploads\/2023\/02\/certificate-page-2-1-212x300.png 212w, https:\/\/test.perek.it\/wp-content\/uploads\/2023\/02\/certificate-page-2-1-768x1088.png 768w, https:\/\/test.perek.it\/wp-content\/uploads\/2023\/02\/certificate-page-2-1-1084x1536.png 1084w, https:\/\/test.perek.it\/wp-content\/uploads\/2023\/02\/certificate-page-2-1-450x638.png 450w, https:\/\/test.perek.it\/wp-content\/uploads\/2023\/02\/certificate-page-2-1-424x600.png 424w, https:\/\/test.perek.it\/wp-content\/uploads\/2023\/02\/certificate-page-2-1.png 1159w\" sizes=\"auto, (max-width: 723px) 100vw, 723px\" \/><figcaption class=\"wp-element-caption\">Certyfikat tuningu z oprogramowania hamowni \u2014 druga strona<\/figcaption><\/figure>\n\n\n\n<figure class=\"wp-block-image size-large is-resized\"><img loading=\"lazy\" decoding=\"async\" width=\"1024\" height=\"724\" src=\"https:\/\/perek.it\/wp-content\/uploads\/2022\/02\/graph-dyno-report-landscape-5-1024x724.png\" alt=\"\" class=\"wp-image-1681\" style=\"width:1024px;height:724px\" srcset=\"https:\/\/test.perek.it\/wp-content\/uploads\/2022\/02\/graph-dyno-report-landscape-5-1024x724.png 1024w, https:\/\/test.perek.it\/wp-content\/uploads\/2022\/02\/graph-dyno-report-landscape-5-300x212.png 300w, https:\/\/test.perek.it\/wp-content\/uploads\/2022\/02\/graph-dyno-report-landscape-5-768x543.png 768w, https:\/\/test.perek.it\/wp-content\/uploads\/2022\/02\/graph-dyno-report-landscape-5-1536x1086.png 1536w, https:\/\/test.perek.it\/wp-content\/uploads\/2022\/02\/graph-dyno-report-landscape-5-2048x1447.png 2048w, https:\/\/test.perek.it\/wp-content\/uploads\/2022\/02\/graph-dyno-report-landscape-5-1200x848.png 1200w, https:\/\/test.perek.it\/wp-content\/uploads\/2022\/02\/graph-dyno-report-landscape-5-1980x1399.png 1980w, https:\/\/test.perek.it\/wp-content\/uploads\/2022\/02\/graph-dyno-report-landscape-5-450x318.png 450w, https:\/\/test.perek.it\/wp-content\/uploads\/2022\/02\/graph-dyno-report-landscape-5-600x424.png 600w\" sizes=\"auto, (max-width: 1024px) 100vw, 1024px\" \/><figcaption class=\"wp-element-caption\">Raporty hamowni wed\u0142ug w\u0142asnego szablonu<\/figcaption><\/figure>\n\n\n\n<figure class=\"wp-block-image size-large\"><img loading=\"lazy\" decoding=\"async\" width=\"724\" height=\"1024\" src=\"https:\/\/perek.it\/wp-content\/uploads\/2022\/02\/graph-dyno-report-portrait-2-724x1024.png\" alt=\"\" class=\"wp-image-1684\" srcset=\"https:\/\/test.perek.it\/wp-content\/uploads\/2022\/02\/graph-dyno-report-portrait-2-724x1024.png 724w, https:\/\/test.perek.it\/wp-content\/uploads\/2022\/02\/graph-dyno-report-portrait-2-212x300.png 212w, https:\/\/test.perek.it\/wp-content\/uploads\/2022\/02\/graph-dyno-report-portrait-2-768x1087.png 768w, https:\/\/test.perek.it\/wp-content\/uploads\/2022\/02\/graph-dyno-report-portrait-2-1086x1536.png 1086w, https:\/\/test.perek.it\/wp-content\/uploads\/2022\/02\/graph-dyno-report-portrait-2-1447x2048.png 1447w, https:\/\/test.perek.it\/wp-content\/uploads\/2022\/02\/graph-dyno-report-portrait-2-1200x1698.png 1200w, https:\/\/test.perek.it\/wp-content\/uploads\/2022\/02\/graph-dyno-report-portrait-2-1980x2802.png 1980w, https:\/\/test.perek.it\/wp-content\/uploads\/2022\/02\/graph-dyno-report-portrait-2-450x637.png 450w, https:\/\/test.perek.it\/wp-content\/uploads\/2022\/02\/graph-dyno-report-portrait-2-424x600.png 424w\" sizes=\"auto, (max-width: 724px) 100vw, 724px\" \/><figcaption class=\"wp-element-caption\">Mo\u017cliwa pionowa lub pozioma orientacja raportu<\/figcaption><\/figure>\n\n\n\n<figure class=\"wp-block-image size-large is-resized\"><img loading=\"lazy\" decoding=\"async\" width=\"724\" height=\"1024\" src=\"https:\/\/perek.it\/wp-content\/uploads\/2022\/02\/table-dynamometer-report-portrait-2-724x1024.png\" alt=\"\" class=\"wp-image-1686\" style=\"width:724px;height:1024px\" srcset=\"https:\/\/test.perek.it\/wp-content\/uploads\/2022\/02\/table-dynamometer-report-portrait-2-724x1024.png 724w, https:\/\/test.perek.it\/wp-content\/uploads\/2022\/02\/table-dynamometer-report-portrait-2-212x300.png 212w, https:\/\/test.perek.it\/wp-content\/uploads\/2022\/02\/table-dynamometer-report-portrait-2-768x1087.png 768w, https:\/\/test.perek.it\/wp-content\/uploads\/2022\/02\/table-dynamometer-report-portrait-2-1086x1536.png 1086w, https:\/\/test.perek.it\/wp-content\/uploads\/2022\/02\/table-dynamometer-report-portrait-2-1447x2048.png 1447w, https:\/\/test.perek.it\/wp-content\/uploads\/2022\/02\/table-dynamometer-report-portrait-2-1200x1698.png 1200w, https:\/\/test.perek.it\/wp-content\/uploads\/2022\/02\/table-dynamometer-report-portrait-2-1980x2802.png 1980w, https:\/\/test.perek.it\/wp-content\/uploads\/2022\/02\/table-dynamometer-report-portrait-2-450x637.png 450w, https:\/\/test.perek.it\/wp-content\/uploads\/2022\/02\/table-dynamometer-report-portrait-2-424x600.png 424w\" sizes=\"auto, (max-width: 724px) 100vw, 724px\" \/><figcaption class=\"wp-element-caption\">Wydruki raport\u00f3w w formie tabeli wynik\u00f3w<\/figcaption><\/figure>\n\n\n\n<figure class=\"wp-block-image\"><img loading=\"lazy\" decoding=\"async\" width=\"700\" height=\"495\" src=\"https:\/\/perek.it\/wp-content\/uploads\/2021\/04\/branding-with-plot-1.png\" alt=\"\" class=\"wp-image-954\" srcset=\"https:\/\/test.perek.it\/wp-content\/uploads\/2021\/04\/branding-with-plot-1.png 700w, https:\/\/test.perek.it\/wp-content\/uploads\/2021\/04\/branding-with-plot-1-300x212.png 300w, https:\/\/test.perek.it\/wp-content\/uploads\/2021\/04\/branding-with-plot-1-450x318.png 450w, https:\/\/test.perek.it\/wp-content\/uploads\/2021\/04\/branding-with-plot-1-600x424.png 600w\" sizes=\"auto, (max-width: 700px) 100vw, 700px\" \/><figcaption class=\"wp-element-caption\">Konfigurowalne t\u0142o wykresu<\/figcaption><\/figure>\n\n\n\n<figure class=\"wp-block-image\"><img loading=\"lazy\" decoding=\"async\" width=\"829\" height=\"922\" src=\"https:\/\/perek.it\/wp-content\/uploads\/2021\/04\/analyze-new.png\" alt=\"\" class=\"wp-image-972\" srcset=\"https:\/\/test.perek.it\/wp-content\/uploads\/2021\/04\/analyze-new.png 829w, https:\/\/test.perek.it\/wp-content\/uploads\/2021\/04\/analyze-new-270x300.png 270w, https:\/\/test.perek.it\/wp-content\/uploads\/2021\/04\/analyze-new-768x854.png 768w, https:\/\/test.perek.it\/wp-content\/uploads\/2021\/04\/analyze-new-450x500.png 450w, https:\/\/test.perek.it\/wp-content\/uploads\/2021\/04\/analyze-new-539x600.png 539w\" sizes=\"auto, (max-width: 829px) 100vw, 829px\" \/><figcaption class=\"wp-element-caption\">Analiza pomiar\u00f3w mocy<\/figcaption><\/figure>\n\n\n\n<figure class=\"wp-block-image\"><img loading=\"lazy\" decoding=\"async\" width=\"1024\" height=\"851\" src=\"https:\/\/perek.it\/wp-content\/uploads\/2021\/04\/table-view-3-1024x851.png\" alt=\"\" class=\"wp-image-970\" srcset=\"https:\/\/test.perek.it\/wp-content\/uploads\/2021\/04\/table-view-3-1024x851.png 1024w, https:\/\/test.perek.it\/wp-content\/uploads\/2021\/04\/table-view-3-300x249.png 300w, https:\/\/test.perek.it\/wp-content\/uploads\/2021\/04\/table-view-3-768x638.png 768w, https:\/\/test.perek.it\/wp-content\/uploads\/2021\/04\/table-view-3-450x374.png 450w, https:\/\/test.perek.it\/wp-content\/uploads\/2021\/04\/table-view-3-600x499.png 600w, https:\/\/test.perek.it\/wp-content\/uploads\/2021\/04\/table-view-3.png 1078w\" sizes=\"auto, (max-width: 1024px) 100vw, 1024px\" \/><figcaption class=\"wp-element-caption\">Widok danych pomiarowych hamowni w formie tabeli<\/figcaption><\/figure>\n\n\n\n<figure class=\"wp-block-image size-large\"><img loading=\"lazy\" decoding=\"async\" width=\"1024\" height=\"538\" src=\"https:\/\/perek.it\/wp-content\/uploads\/2024\/06\/color-map-1-1024x538.png\" alt=\"\" class=\"wp-image-4049\" srcset=\"https:\/\/test.perek.it\/wp-content\/uploads\/2024\/06\/color-map-1-1024x538.png 1024w, https:\/\/test.perek.it\/wp-content\/uploads\/2024\/06\/color-map-1-300x158.png 300w, https:\/\/test.perek.it\/wp-content\/uploads\/2024\/06\/color-map-1-768x403.png 768w, https:\/\/test.perek.it\/wp-content\/uploads\/2024\/06\/color-map-1-1200x630.png 1200w, https:\/\/test.perek.it\/wp-content\/uploads\/2024\/06\/color-map-1-450x236.png 450w, https:\/\/test.perek.it\/wp-content\/uploads\/2024\/06\/color-map-1-600x315.png 600w, https:\/\/test.perek.it\/wp-content\/uploads\/2024\/06\/color-map-1.png 1396w\" sizes=\"auto, (max-width: 1024px) 100vw, 1024px\" \/><figcaption class=\"wp-element-caption\">Analiza danych za pomoc\u0105 mapy kolor\u00f3w<\/figcaption><\/figure>\n\n\n\n<figure class=\"wp-block-image size-large is-resized\"><img loading=\"lazy\" decoding=\"async\" width=\"1024\" height=\"705\" src=\"https:\/\/perek.it\/wp-content\/uploads\/2024\/06\/Analyze-XY-table-map-1024x705.png\" alt=\"\" class=\"wp-image-4060\" style=\"width:1450px;height:auto\" srcset=\"https:\/\/test.perek.it\/wp-content\/uploads\/2024\/06\/Analyze-XY-table-map-1024x705.png 1024w, https:\/\/test.perek.it\/wp-content\/uploads\/2024\/06\/Analyze-XY-table-map-300x206.png 300w, https:\/\/test.perek.it\/wp-content\/uploads\/2024\/06\/Analyze-XY-table-map-768x529.png 768w, https:\/\/test.perek.it\/wp-content\/uploads\/2024\/06\/Analyze-XY-table-map-450x310.png 450w, https:\/\/test.perek.it\/wp-content\/uploads\/2024\/06\/Analyze-XY-table-map-600x413.png 600w, https:\/\/test.perek.it\/wp-content\/uploads\/2024\/06\/Analyze-XY-table-map.png 1100w\" sizes=\"auto, (max-width: 1024px) 100vw, 1024px\" \/><figcaption class=\"wp-element-caption\">Analiza danych do tabeli<\/figcaption><\/figure>\n\n\n\n<figure class=\"wp-block-image\"><img loading=\"lazy\" decoding=\"async\" width=\"1024\" height=\"673\" src=\"https:\/\/perek.it\/wp-content\/uploads\/2021\/04\/project-data-1024x673.png\" alt=\"\" class=\"wp-image-962\" srcset=\"https:\/\/test.perek.it\/wp-content\/uploads\/2021\/04\/project-data-1024x673.png 1024w, https:\/\/test.perek.it\/wp-content\/uploads\/2021\/04\/project-data-300x197.png 300w, https:\/\/test.perek.it\/wp-content\/uploads\/2021\/04\/project-data-768x505.png 768w, https:\/\/test.perek.it\/wp-content\/uploads\/2021\/04\/project-data-1200x788.png 1200w, https:\/\/test.perek.it\/wp-content\/uploads\/2021\/04\/project-data-450x296.png 450w, https:\/\/test.perek.it\/wp-content\/uploads\/2021\/04\/project-data-600x394.png 600w, https:\/\/test.perek.it\/wp-content\/uploads\/2021\/04\/project-data.png 1370w\" sizes=\"auto, (max-width: 1024px) 100vw, 1024px\" \/><figcaption class=\"wp-element-caption\">Baza danych projekt\u00f3w z sortowaniem i filtrowaniem<\/figcaption><\/figure>\n\n\n\n<figure class=\"wp-block-image\"><img loading=\"lazy\" decoding=\"async\" width=\"1024\" height=\"609\" src=\"https:\/\/perek.it\/wp-content\/uploads\/2021\/04\/run-1024x609.png\" alt=\"\" class=\"wp-image-964\" srcset=\"https:\/\/test.perek.it\/wp-content\/uploads\/2021\/04\/run-1024x609.png 1024w, https:\/\/test.perek.it\/wp-content\/uploads\/2021\/04\/run-300x178.png 300w, https:\/\/test.perek.it\/wp-content\/uploads\/2021\/04\/run-768x457.png 768w, https:\/\/test.perek.it\/wp-content\/uploads\/2021\/04\/run-1200x714.png 1200w, https:\/\/test.perek.it\/wp-content\/uploads\/2021\/04\/run-450x268.png 450w, https:\/\/test.perek.it\/wp-content\/uploads\/2021\/04\/run-600x357.png 600w, https:\/\/test.perek.it\/wp-content\/uploads\/2021\/04\/run.png 1207w\" sizes=\"auto, (max-width: 1024px) 100vw, 1024px\" \/><figcaption class=\"wp-element-caption\">Konfigurowalny widok pomiaru na \u017cywo<\/figcaption><\/figure>\n\n\n\n<figure class=\"wp-block-image\"><img loading=\"lazy\" decoding=\"async\" width=\"1024\" height=\"844\" src=\"https:\/\/perek.it\/wp-content\/uploads\/2021\/04\/data-channels-1-1024x844.png\" alt=\"\" class=\"wp-image-960\" srcset=\"https:\/\/test.perek.it\/wp-content\/uploads\/2021\/04\/data-channels-1-1024x844.png 1024w, https:\/\/test.perek.it\/wp-content\/uploads\/2021\/04\/data-channels-1-300x247.png 300w, https:\/\/test.perek.it\/wp-content\/uploads\/2021\/04\/data-channels-1-768x633.png 768w, https:\/\/test.perek.it\/wp-content\/uploads\/2021\/04\/data-channels-1-1536x1266.png 1536w, https:\/\/test.perek.it\/wp-content\/uploads\/2021\/04\/data-channels-1-1200x989.png 1200w, https:\/\/test.perek.it\/wp-content\/uploads\/2021\/04\/data-channels-1-450x371.png 450w, https:\/\/test.perek.it\/wp-content\/uploads\/2021\/04\/data-channels-1-600x494.png 600w, https:\/\/test.perek.it\/wp-content\/uploads\/2021\/04\/data-channels-1.png 1721w\" sizes=\"auto, (max-width: 1024px) 100vw, 1024px\" \/><figcaption class=\"wp-element-caption\">Konfiguracja kana\u0142\u00f3w danych<\/figcaption><\/figure>\n\n\n\n<figure class=\"wp-block-image\"><img loading=\"lazy\" decoding=\"async\" width=\"1024\" height=\"823\" src=\"https:\/\/perek.it\/wp-content\/uploads\/2021\/04\/sensor-characteristic-NTC-1-1024x823.png\" alt=\"\" class=\"wp-image-966\" srcset=\"https:\/\/test.perek.it\/wp-content\/uploads\/2021\/04\/sensor-characteristic-NTC-1-1024x823.png 1024w, https:\/\/test.perek.it\/wp-content\/uploads\/2021\/04\/sensor-characteristic-NTC-1-300x241.png 300w, https:\/\/test.perek.it\/wp-content\/uploads\/2021\/04\/sensor-characteristic-NTC-1-768x617.png 768w, https:\/\/test.perek.it\/wp-content\/uploads\/2021\/04\/sensor-characteristic-NTC-1-450x362.png 450w, https:\/\/test.perek.it\/wp-content\/uploads\/2021\/04\/sensor-characteristic-NTC-1-600x482.png 600w, https:\/\/test.perek.it\/wp-content\/uploads\/2021\/04\/sensor-characteristic-NTC-1.png 1028w\" sizes=\"auto, (max-width: 1024px) 100vw, 1024px\" \/><figcaption class=\"wp-element-caption\">Szerokie mo\u017cliwo\u015bci konfiguracji dodatkowych czujnik\u00f3w analogowych<\/figcaption><\/figure>\n\n\n\n<figure class=\"wp-block-image\"><img loading=\"lazy\" decoding=\"async\" width=\"1024\" height=\"708\" src=\"https:\/\/perek.it\/wp-content\/uploads\/2021\/04\/can-inputs-1-1024x708.png\" alt=\"\" class=\"wp-image-975\" srcset=\"https:\/\/test.perek.it\/wp-content\/uploads\/2021\/04\/can-inputs-1-1024x708.png 1024w, https:\/\/test.perek.it\/wp-content\/uploads\/2021\/04\/can-inputs-1-300x207.png 300w, https:\/\/test.perek.it\/wp-content\/uploads\/2021\/04\/can-inputs-1-768x531.png 768w, https:\/\/test.perek.it\/wp-content\/uploads\/2021\/04\/can-inputs-1-450x311.png 450w, https:\/\/test.perek.it\/wp-content\/uploads\/2021\/04\/can-inputs-1-600x415.png 600w, https:\/\/test.perek.it\/wp-content\/uploads\/2021\/04\/can-inputs-1.png 1047w\" sizes=\"auto, (max-width: 1024px) 100vw, 1024px\" \/><figcaption class=\"wp-element-caption\">Przetwarzanie danych z magistrali CAN<\/figcaption><\/figure>\n\n\n\n<figure class=\"wp-block-image\"><img loading=\"lazy\" decoding=\"async\" width=\"1024\" height=\"682\" src=\"https:\/\/perek.it\/wp-content\/uploads\/2021\/04\/can-outputs-1024x682.png\" alt=\"\" class=\"wp-image-977\" srcset=\"https:\/\/test.perek.it\/wp-content\/uploads\/2021\/04\/can-outputs-1024x682.png 1024w, https:\/\/test.perek.it\/wp-content\/uploads\/2021\/04\/can-outputs-300x200.png 300w, https:\/\/test.perek.it\/wp-content\/uploads\/2021\/04\/can-outputs-768x512.png 768w, https:\/\/test.perek.it\/wp-content\/uploads\/2021\/04\/can-outputs-450x300.png 450w, https:\/\/test.perek.it\/wp-content\/uploads\/2021\/04\/can-outputs-600x400.png 600w, https:\/\/test.perek.it\/wp-content\/uploads\/2021\/04\/can-outputs.png 1096w\" sizes=\"auto, (max-width: 1024px) 100vw, 1024px\" \/><figcaption class=\"wp-element-caption\">Eksport danych hamowni na magistral\u0119 CAN<\/figcaption><\/figure>\n","protected":false},"excerpt":{"rendered":"<p>AKTUALIZACJE OPROGRAMOWANIA Oprogramowanie Dyno2 zosta\u0142o stworzone, aby sprosta\u0107 szerokiej rzeszy u\u017cytkownik\u00f3w. Nadaje si\u0119 zar\u00f3wno do przeprowadzania wielogodzinnych test\u00f3w niezawodno\u015bci silnika, jak i do kr\u00f3tkiego pomiaru maj\u0105cego na celu \u0142atwe wyznaczenie charakterystyki silnika. Kluczowym aspektem jest uniwersalno\u015b\u0107. Tworzymy Dyno2 tak aby mog\u0142o obs\u0142u\u017cy\u0107 wszystkie typy hamowni z r\u00f3\u017cnorodnym osprz\u0119tem. Wszystkie systemy zaprojektowane s\u0105 transparentnie i pozwalaj\u0105 [&hellip;]<\/p>\n","protected":false},"author":1,"featured_media":0,"parent":0,"menu_order":2,"comment_status":"closed","ping_status":"closed","template":"templates\/template-full-width.php","meta":{"footnotes":""},"class_list":["post-79","page","type-page","status-publish","hentry"],"_links":{"self":[{"href":"https:\/\/test.perek.it\/pl\/wp-json\/wp\/v2\/pages\/79","targetHints":{"allow":["GET"]}}],"collection":[{"href":"https:\/\/test.perek.it\/pl\/wp-json\/wp\/v2\/pages"}],"about":[{"href":"https:\/\/test.perek.it\/pl\/wp-json\/wp\/v2\/types\/page"}],"author":[{"embeddable":true,"href":"https:\/\/test.perek.it\/pl\/wp-json\/wp\/v2\/users\/1"}],"replies":[{"embeddable":true,"href":"https:\/\/test.perek.it\/pl\/wp-json\/wp\/v2\/comments?post=79"}],"version-history":[{"count":0,"href":"https:\/\/test.perek.it\/pl\/wp-json\/wp\/v2\/pages\/79\/revisions"}],"wp:attachment":[{"href":"https:\/\/test.perek.it\/pl\/wp-json\/wp\/v2\/media?parent=79"}],"curies":[{"name":"wp","href":"https:\/\/api.w.org\/{rel}","templated":true}]}}