{"id":138,"date":"2020-08-18T17:01:29","date_gmt":"2020-08-18T16:01:29","guid":{"rendered":"http:\/\/wp.perek.it\/blog\/"},"modified":"2020-08-19T18:58:38","modified_gmt":"2020-08-19T17:58:38","slug":"blog","status":"publish","type":"page","link":"https:\/\/test.perek.it\/pl\/blog\/","title":{"rendered":"Blog"},"content":{"rendered":"<ul class=\"wp-block-latest-posts__list wp-block-latest-posts\"><li><div class=\"wp-block-latest-posts__featured-image\"><img loading=\"lazy\" decoding=\"async\" width=\"150\" height=\"150\" src=\"https:\/\/test.perek.it\/wp-content\/uploads\/2020\/08\/PEREK-hamownia-Grzegorz-Duda-TVN-TURBO-0005-150x150.jpg\" class=\"attachment-thumbnail size-thumbnail wp-post-image\" alt=\"Mini Grzegorza Dudy na hamowni PEREK\" style=\"\" srcset=\"https:\/\/test.perek.it\/wp-content\/uploads\/2020\/08\/PEREK-hamownia-Grzegorz-Duda-TVN-TURBO-0005-150x150.jpg 150w, https:\/\/test.perek.it\/wp-content\/uploads\/2020\/08\/PEREK-hamownia-Grzegorz-Duda-TVN-TURBO-0005-450x450.jpg 450w, https:\/\/test.perek.it\/wp-content\/uploads\/2020\/08\/PEREK-hamownia-Grzegorz-Duda-TVN-TURBO-0005-100x100.jpg 100w\" sizes=\"auto, (max-width: 150px) 100vw, 150px\" \/><\/div><a class=\"wp-block-latest-posts__post-title\" href=\"https:\/\/test.perek.it\/pl\/hamownia-perek-w-tvn-turbo\/\">Hamownia PEREK w TVN Turbo<\/a><div class=\"wp-block-latest-posts__post-excerpt\">Warsztat Ecumaster, odwiedzi\u0142 wsp\u00f3\u0142prowadz\u0105cy program motoryzacyjny &#8222;Klimek Kontra Duda&#8221;, Grzegorz Duda.Grze\u015bka nie trzeba nikomu przedstawia\u0107, fani motoryzacji znaj\u0105 go z program\u00f3w 101 napraw i Gara\u017c Dudy. Artur Kisielwski, obs\u0142uguj\u0105cy hamowni\u0119 PEREK, mia\u0142 przyjemno\u015b\u0107 pom\u00f3c Grze\u015bkowi w przygotowaniu Mini do pojedynku z Adamem Klimkiem. Odwiedzenie hamowni stworzonej przez Perek Dyno, strojenie auta i wgranie sportowych map,\u2026 <a class=\"wp-block-latest-posts__read-more\" href=\"https:\/\/test.perek.it\/pl\/hamownia-perek-w-tvn-turbo\/\" rel=\"noopener noreferrer\">Dowiedz si\u0119 wi\u0119cej<span class=\"screen-reader-text\">: Hamownia PEREK w TVN Turbo<\/span><\/a><\/div><\/li>\n<\/ul>","protected":false},"excerpt":{"rendered":"","protected":false},"author":1,"featured_media":0,"parent":0,"menu_order":2,"comment_status":"closed","ping_status":"closed","template":"","meta":{"footnotes":""},"class_list":["post-138","page","type-page","status-publish","hentry"],"_links":{"self":[{"href":"https:\/\/test.perek.it\/pl\/wp-json\/wp\/v2\/pages\/138","targetHints":{"allow":["GET"]}}],"collection":[{"href":"https:\/\/test.perek.it\/pl\/wp-json\/wp\/v2\/pages"}],"about":[{"href":"https:\/\/test.perek.it\/pl\/wp-json\/wp\/v2\/types\/page"}],"author":[{"embeddable":true,"href":"https:\/\/test.perek.it\/pl\/wp-json\/wp\/v2\/users\/1"}],"replies":[{"embeddable":true,"href":"https:\/\/test.perek.it\/pl\/wp-json\/wp\/v2\/comments?post=138"}],"version-history":[{"count":0,"href":"https:\/\/test.perek.it\/pl\/wp-json\/wp\/v2\/pages\/138\/revisions"}],"wp:attachment":[{"href":"https:\/\/test.perek.it\/pl\/wp-json\/wp\/v2\/media?parent=138"}],"curies":[{"name":"wp","href":"https:\/\/api.w.org\/{rel}","templated":true}]}}