{"id":1287,"date":"2021-07-28T13:33:20","date_gmt":"2021-07-28T12:33:20","guid":{"rendered":"https:\/\/perek.it\/wzmacniacz-tensometru-lca1-dokumentacja\/"},"modified":"2021-07-28T13:33:20","modified_gmt":"2021-07-28T12:33:20","slug":"wzmacniacz-tensometru-lca1-dokumentacja","status":"publish","type":"page","link":"https:\/\/test.perek.it\/pl\/wzmacniacz-tensometru-lca1-dokumentacja\/","title":{"rendered":"Wzmacniacz tensometru LCA1 &#8211; dokumentacja"},"content":{"rendered":"\n<p>Wzmacniacz tensometru LCA1 jest urz\u0105dzeniem s\u0142u\u017c\u0105cym dostarczeniu do tensometru zasilania wzbudzaj\u0105cego oraz wzmocnieniu jego niskonapi\u0119ciowego sygna\u0142u do poziomu odpowiedniego dla analogowych wej\u015b\u0107 0-5V. LCA1 jest zaprojektowany aby realizowa\u0107 precyzyjne wzmocnienie sygna\u0142u z tensometru do zastosowania wraz ze sterownikiem hamowni DC1. Wzmacniacz jest uniwersalny i mo\u017ce by\u0107 te\u017c wykorzystywany w innych systemach pomiarowych. Wzmocnienie dobrane jest tak, aby zapewni\u0107 poprawny pomiar nawet przy 20% przeci\u0105\u017ceniu tensometru o wsp\u00f3\u0142czynniku 2mV\/V przy u\u017cyciu sterownika DC1. Wzmacniacz wykorzystuje standardow\u0105 obudow\u0119 na szyn\u0119 DIN.<\/p>\n\n<figure class=\"wp-block-table\"><table><tbody><tr><td>Zasilanie<\/td><td>4V \u00f7 13V DC<\/td><\/tr><tr><td>Maksymalny pob\u00f3r mocy wraz z tensometrem o rezystancji 350Ohm<\/td><td>1.7W<\/td><\/tr><tr><td>Napi\u0119cie wyj\u015bciowe bez obci\u0105\u017cenia tensometru<\/td><td>REF + 2.5V<\/td><\/tr><tr><td>Napi\u0119cie zasilania tensometru<\/td><td>10V<\/td><\/tr><tr><td>Maksymalny pr\u0105d zasilania tensometru<\/td><td>0.1A<\/td><\/tr><tr><td>Impedancja wyj\u015bciowa wzmacniacza<\/td><td>100Ohm<\/td><\/tr><tr><td>Zakres wyj\u015bciowy wzmocnionego sygna\u0142u<\/td><td>1.2V \u00f7 8.8V<\/td><\/tr><tr><td>Wzmocnienie sygna\u0142u<\/td><td>106&#13;\n(Wersja regulowana w zakresie 50\u00f71000 dost\u0119pna na zam\u00f3wienie)<\/td><\/tr><tr><td>Zakres temperatury otoczenia<\/td><td>\u221220\u00b0C \u00f7 50\u00b0C<\/td><\/tr><tr><td>Zakres wilgotno\u015bci otoczenia<\/td><td>0%-95% bez kondensacji<\/td><\/tr><\/tbody><\/table><\/figure>\n<p><strong>Rozpiska terminali&#13;\n<\/strong><\/p>\n\n<figure class=\"wp-block-table\"><table><tbody><tr><td>VIN<\/td><td>Wej\u015bcie zasilania<\/td><\/tr><tr><td>OUT<\/td><td>Wyj\u015bcie wzmocnionego sygna\u0142u<\/td><\/tr><tr><td>REF<\/td><td>Masa referencyjna dla sygna\u0142u wyj\u015bciowego. Nale\u017cy pod\u0142\u0105czy\u0107 do masy sterownika. Dla maksymalnej dok\u0142adno\u015bci pomiaru REF nie powinna wsp\u00f3\u0142dzieli\u0107 przewodu z mas\u0105 zasilania.<\/td><\/tr><tr><td>GND<\/td><td>Masa zasilania<\/td><\/tr><tr><td><\/td><td><\/td><\/tr><tr><td>GND<\/td><td>Terminal masowy do pod\u0142\u0105czenia ekranu przewodu tensometru<\/td><\/tr><tr><td>V-<\/td><td>Zasilanie tensometru \u2013<\/td><\/tr><tr><td>S-<\/td><td>Sygna\u0142 tensometru \u2013<\/td><\/tr><tr><td>S+<\/td><td>Sygna\u0142 tensometru +<\/td><\/tr><tr><td>V+<\/td><td>Zasilanie tensometru +<\/td><\/tr><\/tbody><\/table><\/figure>\n<figure class=\"wp-block-image size-full\"><img loading=\"lazy\" decoding=\"async\" width=\"1102\" height=\"192\" src=\"https:\/\/perek.it\/wp-content\/uploads\/2021\/05\/LCA1-1.png\" alt=\"Schemat pod&#x142;&#x105;czenia wzmacniacza tensometru\" class=\"wp-image-1028\"\/><figcaption>Schemat referencyjny pod\u0142\u0105czania wzmacniacza LCA1<\/figcaption><\/figure>","protected":false},"excerpt":{"rendered":"<p>Wzmacniacz tensometru LCA1 jest urz\u0105dzeniem s\u0142u\u017c\u0105cym dostarczeniu do tensometru zasilania wzbudzaj\u0105cego oraz wzmocnieniu jego niskonapi\u0119ciowego sygna\u0142u do poziomu odpowiedniego dla analogowych wej\u015b\u0107 0-5V. LCA1 jest zaprojektowany aby realizowa\u0107 precyzyjne wzmocnienie sygna\u0142u z tensometru do zastosowania wraz ze sterownikiem hamowni DC1. Wzmacniacz jest uniwersalny i mo\u017ce by\u0107 te\u017c wykorzystywany w innych systemach pomiarowych. Wzmocnienie dobrane jest [&hellip;]<\/p>\n","protected":false},"author":1,"featured_media":0,"parent":0,"menu_order":0,"comment_status":"closed","ping_status":"closed","template":"templates\/template-full-width.php","meta":{"footnotes":""},"class_list":["post-1287","page","type-page","status-publish","hentry"],"_links":{"self":[{"href":"https:\/\/test.perek.it\/pl\/wp-json\/wp\/v2\/pages\/1287","targetHints":{"allow":["GET"]}}],"collection":[{"href":"https:\/\/test.perek.it\/pl\/wp-json\/wp\/v2\/pages"}],"about":[{"href":"https:\/\/test.perek.it\/pl\/wp-json\/wp\/v2\/types\/page"}],"author":[{"embeddable":true,"href":"https:\/\/test.perek.it\/pl\/wp-json\/wp\/v2\/users\/1"}],"replies":[{"embeddable":true,"href":"https:\/\/test.perek.it\/pl\/wp-json\/wp\/v2\/comments?post=1287"}],"version-history":[{"count":0,"href":"https:\/\/test.perek.it\/pl\/wp-json\/wp\/v2\/pages\/1287\/revisions"}],"wp:attachment":[{"href":"https:\/\/test.perek.it\/pl\/wp-json\/wp\/v2\/media?parent=1287"}],"curies":[{"name":"wp","href":"https:\/\/api.w.org\/{rel}","templated":true}]}}